{"id":21165,"date":"2025-01-07T13:12:05","date_gmt":"2025-01-07T13:12:05","guid":{"rendered":"https:\/\/www.vabs.com\/iletisim\/"},"modified":"2026-01-21T11:00:46","modified_gmt":"2026-01-21T11:00:46","slug":"contact-us","status":"publish","type":"page","link":"https:\/\/www.vabs.com\/en\/contact-us\/","title":{"rendered":"Contact Us"},"content":{"rendered":"\t\t<div data-elementor-type=\"wp-page\" data-elementor-id=\"21165\" class=\"elementor elementor-21165 elementor-18880\">\n\t\t\t\t<div class=\"elementor-element elementor-element-57b1ba5 e-con-full e-flex e-con e-parent\" data-id=\"57b1ba5\" data-element_type=\"container\" data-e-type=\"container\">\n\t\t\t\t<div class=\"elementor-element elementor-element-f438f70 elementor-widget elementor-widget-ct_heading\" data-id=\"f438f70\" data-element_type=\"widget\" data-e-type=\"widget\" data-widget_type=\"ct_heading.default\">\n\t\t\t\t<div class=\"elementor-widget-container\">\n\t\t\t\t\t<div class=\"ct-heading h-align-\">\r\n    \t\t\t<div class=\"item--sub-title\">\r\n            <span>We are here for you with our ready-to-assist staff, providing sales, support, and spare parts services worldwide.<\/span>\r\n        <\/div>\r\n\t    <h2 class=\"item--title case-animate-time st-default \" data-wow-delay=\"ms\">\r\n        <span>Get In Touch<\/span>    <\/h2>\r\n<\/div>\t\t\t\t<\/div>\n\t\t\t\t<\/div>\n\t\t<div class=\"elementor-element elementor-element-ae3017d e-con-full e-flex e-con e-child\" data-id=\"ae3017d\" data-element_type=\"container\" data-e-type=\"container\">\n\t\t<div class=\"elementor-element elementor-element-d42a0cb e-con-full e-flex e-con e-child\" data-id=\"d42a0cb\" data-element_type=\"container\" data-e-type=\"container\">\n\t\t\t\t<div class=\"elementor-element elementor-element-530c94d elementor-widget elementor-widget-ct_contact_info\" data-id=\"530c94d\" data-element_type=\"widget\" data-e-type=\"widget\" data-widget_type=\"ct_contact_info.default\">\n\t\t\t\t<div class=\"elementor-widget-container\">\n\t\t\t\t\t    <div id=\"ct_contact_info-530c94d\" class=\"ct-contact-info ct-contact-info2 style1 \" data-wow-duration=\"1.2s\">\r\n        <div class=\"ct-contact-content\">\r\n                            <label class=\"ct-contact-title\">ADDRESS<\/label>\r\n            \r\n                            <div class=\"ct-contact-list\">\r\n                                                                        <span>Emek Mah. S\u0131vat Cad. No:17 34785 Sancaktepe \u0130stanbul, T\u00fcrkiye <\/span>\r\n                                                            <\/div>\r\n            \r\n                    <\/div>\r\n    <\/div>\r\n\t\t\t\t<\/div>\n\t\t\t\t<\/div>\n\t\t\t\t<\/div>\n\t\t<div class=\"elementor-element elementor-element-1cf22e1 e-con-full e-flex e-con e-child\" data-id=\"1cf22e1\" data-element_type=\"container\" data-e-type=\"container\">\n\t\t\t\t<div class=\"elementor-element elementor-element-aa3d401 elementor-widget elementor-widget-ct_contact_info\" data-id=\"aa3d401\" data-element_type=\"widget\" data-e-type=\"widget\" data-widget_type=\"ct_contact_info.default\">\n\t\t\t\t<div class=\"elementor-widget-container\">\n\t\t\t\t\t    <div id=\"ct_contact_info-aa3d401\" class=\"ct-contact-info ct-contact-info2 style1 \" data-wow-duration=\"1.2s\">\r\n        <div class=\"ct-contact-content\">\r\n                            <label class=\"ct-contact-title\">WORKING HOURS<\/label>\r\n            \r\n                            <div class=\"ct-contact-list\">\r\n                                                                        <span>Monday - Friday 09.00 - 18.00<\/span>\r\n                                                            <\/div>\r\n            \r\n                            <div class=\"ct-contact-list\">\r\n                                                                    <span>Saturday - Sunday Closed <\/span>\r\n                                                            <\/div>\r\n                    <\/div>\r\n    <\/div>\r\n\t\t\t\t<\/div>\n\t\t\t\t<\/div>\n\t\t\t\t<\/div>\n\t\t<div class=\"elementor-element elementor-element-4207242 e-con-full e-flex e-con e-child\" data-id=\"4207242\" data-element_type=\"container\" data-e-type=\"container\">\n\t\t\t\t<div class=\"elementor-element elementor-element-6e1d2d9 elementor-widget elementor-widget-ct_contact_info\" data-id=\"6e1d2d9\" data-element_type=\"widget\" data-e-type=\"widget\" data-widget_type=\"ct_contact_info.default\">\n\t\t\t\t<div class=\"elementor-widget-container\">\n\t\t\t\t\t    <div id=\"ct_contact_info-6e1d2d9\" class=\"ct-contact-info ct-contact-info2 style1 \" data-wow-duration=\"1.2s\">\r\n        <div class=\"ct-contact-content\">\r\n                            <label class=\"ct-contact-title\">CONTACT<\/label>\r\n            \r\n                            <div class=\"ct-contact-list\">\r\n                                            <a href=\"mailto:sales@vabs.com\">                            <span>sales@vabs.com<\/span>\r\n                        <\/a>                                    <\/div>\r\n            \r\n                            <div class=\"ct-contact-list\">\r\n                                            <a href=\"tel:+90 216 466 36 90\">                        <span>+90 216 466 36 90<\/span>\r\n                        <\/a>                                    <\/div>\r\n                    <\/div>\r\n    <\/div>\r\n\t\t\t\t<\/div>\n\t\t\t\t<\/div>\n\t\t\t\t<\/div>\n\t\t\t\t<\/div>\n\t\t\t\t<\/div>\n\t\t<div class=\"elementor-element elementor-element-fcc7e05 e-con-full e-flex e-con e-parent\" data-id=\"fcc7e05\" data-element_type=\"container\" data-e-type=\"container\">\n\t\t\t\t<div class=\"elementor-element elementor-element-840922c ct-widget-google_maps elementor-widget elementor-widget-google_maps\" data-id=\"840922c\" data-element_type=\"widget\" data-e-type=\"widget\" data-widget_type=\"google_maps.default\">\n\t\t\t\t<div class=\"elementor-widget-container\">\n\t\t\t\t\t\t\t<div class=\"elementor-custom-embed\">\n\t\t\t<iframe loading=\"lazy\"\n\t\t\t\t\tsrc=\"https:\/\/maps.google.com\/maps?q=Emek%2C%20Sivat%20Cd.%20No.17%2C%2034785%20Sancaktepe%2F%C4%B0stanbul&#038;t=m&#038;z=14&#038;output=embed&#038;iwloc=near\"\n\t\t\t\t\ttitle=\"Emek, Sivat Cd. No.17, 34785 Sancaktepe\/\u0130stanbul\"\n\t\t\t\t\taria-label=\"Emek, Sivat Cd. No.17, 34785 Sancaktepe\/\u0130stanbul\"\n\t\t\t><\/iframe>\n\t\t<\/div>\n\t\t\t\t\t\t<\/div>\n\t\t\t\t<\/div>\n\t\t\t\t<\/div>\n\t\t<div class=\"elementor-element elementor-element-ec04a77 e-con-full e-flex e-con e-parent\" data-id=\"ec04a77\" data-element_type=\"container\" data-e-type=\"container\">\n\t\t\t\t<div class=\"elementor-element elementor-element-034f9e0 elementor-widget elementor-widget-ct_contact_form\" data-id=\"034f9e0\" data-element_type=\"widget\" data-e-type=\"widget\" data-widget_type=\"ct_contact_form.default\">\n\t\t\t\t<div class=\"elementor-widget-container\">\n\t\t\t\t\t    <div class=\"ct-contact-form ct-contact-form-layout1 wow skewInUp\">\r\n    \t\t    \t<div class=\"ct-contact-titles\">\r\n                                                    <h2 class=\"text-title case-animate-time \" data-wow-delay=\"ms\">\r\n                    <span class=\"slide-in-container\"><span class=\"d-inline-block wow case-fade-in-up\">\u0130LET\u0130\u015e\u0130M<\/span><\/span> <span class=\"slide-in-container\"><span class=\"d-inline-block wow case-fade-in-up\">FORMU<\/span><\/span>                    <\/h2>\r\n                                                    <p class=\"text-description\">VABS ile tan\u0131\u015fmak ve bilgi almak i\u00e7in l\u00fctfen bizimle irtibata ge\u00e7iniz.<\/p>\r\n                \t    \t<\/div>\r\n\t            <div class=\"ct-contact-form\">\r\n            \n<div class=\"wpcf7 no-js\" id=\"wpcf7-f21725-o1\" lang=\"en-US\" dir=\"ltr\" data-wpcf7-id=\"21725\">\n<div class=\"screen-reader-response\"><p role=\"status\" aria-live=\"polite\" aria-atomic=\"true\"><\/p> <ul><\/ul><\/div>\n<form action=\"\/en\/wp-json\/wp\/v2\/pages\/21165#wpcf7-f21725-o1\" method=\"post\" class=\"wpcf7-form init\" aria-label=\"Contact form\" novalidate=\"novalidate\" data-status=\"init\">\n<fieldset class=\"hidden-fields-container\"><input type=\"hidden\" name=\"_wpcf7\" value=\"21725\" \/><input type=\"hidden\" name=\"_wpcf7_version\" value=\"6.1.5\" \/><input type=\"hidden\" name=\"_wpcf7_locale\" value=\"en_US\" \/><input type=\"hidden\" name=\"_wpcf7_unit_tag\" value=\"wpcf7-f21725-o1\" \/><input type=\"hidden\" name=\"_wpcf7_container_post\" value=\"0\" \/><input type=\"hidden\" name=\"_wpcf7_posted_data_hash\" value=\"\" \/><input type=\"hidden\" name=\"_wpcf7_recaptcha_response\" value=\"\" \/>\n<\/fieldset>\n<div class=\"wp-row-ctf7 contact-form-custom1\">\n\t<div class=\"row input-contact\">\n\t\t<div class=\"col-lg-6\">\n\t\t\t<div class=\"input-filled\">\n\t\t\t\t<p><label>NAME SURNAME<\/label><br \/>\n<span class=\"wpcf7-form-control-wrap\" data-name=\"your-name\"><input size=\"40\" maxlength=\"400\" class=\"wpcf7-form-control wpcf7-text wpcf7-validates-as-required\" aria-required=\"true\" aria-invalid=\"false\" placeholder=\"Enter your Name and Surname\" value=\"\" type=\"text\" name=\"your-name\" \/><\/span>\n\t\t\t\t<\/p>\n\t\t\t<\/div>\n\t\t<\/div>\n\t\t<div class=\"col-lg-6\">\n\t\t\t<div class=\"input-filled\">\n\t\t\t\t<p><label>E-MAIL<\/label><br \/>\n<span class=\"wpcf7-form-control-wrap\" data-name=\"your-email\"><input size=\"40\" maxlength=\"400\" class=\"wpcf7-form-control wpcf7-email wpcf7-validates-as-required wpcf7-text wpcf7-validates-as-email\" aria-required=\"true\" aria-invalid=\"false\" placeholder=\"Enter your E-mail Adress\" value=\"\" type=\"email\" name=\"your-email\" \/><\/span>\n\t\t\t\t<\/p>\n\t\t\t<\/div>\n\t\t<\/div>\n\t<\/div>\n\t<div class=\"row input-contact\">\n\t\t<div class=\"col-lg-6\">\n\t\t\t<div class=\"input-filled\">\n\t\t\t\t<p><label>TOPIC<\/label><br \/>\n<span class=\"wpcf7-form-control-wrap\" data-name=\"Konu\"><select class=\"wpcf7-form-control wpcf7-select dark2-select\" aria-invalid=\"false\" name=\"Konu\"><option value=\"Contact\">Contact<\/option><option value=\"Production\">Production<\/option><option value=\"Maintenance\">Maintenance<\/option><option value=\"Order\">Order<\/option><option value=\"Other\">Other<\/option><\/select><\/span>\n\t\t\t\t<\/p>\n\t\t\t<\/div>\n\t\t<\/div>\n\t\t<div class=\"col-lg-6\">\n\t\t\t<div class=\"input-filled \">\n\t\t\t\t<p><label>PRODUCTS<\/label><br \/>\n<span class=\"wpcf7-form-control-wrap\" data-name=\"urunler\"><select class=\"wpcf7-form-control wpcf7-select dark2-select\" aria-invalid=\"false\" name=\"urunler\"><option value=\"Thread Rolling Heads\">Thread Rolling Heads<\/option><option value=\"Thread Rolling Dies\">Thread Rolling Dies<\/option><option value=\"Special Thread Rolling Heads\">Special Thread Rolling Heads<\/option><option value=\"Turning Heads\">Turning Heads<\/option><\/select><\/span>\n\t\t\t\t<\/p>\n\t\t\t<\/div>\n\t\t<\/div>\n\t<\/div>\n\t<div class=\"row input-contact\">\n\t\t<div class=\"col-12\">\n\t\t\t<div class=\"input-filled large\">\n\t\t\t\t<p><label>MESSAGE<\/label><br \/>\n<span class=\"wpcf7-form-control-wrap\" data-name=\"your-message\"><input size=\"40\" maxlength=\"400\" class=\"wpcf7-form-control wpcf7-text wpcf7-validates-as-required\" aria-required=\"true\" aria-invalid=\"false\" placeholder=\"Provide detailed explanation of your request\" value=\"\" type=\"text\" name=\"your-message\" \/><\/span>\n\t\t\t\t<\/p>\n\t\t\t<\/div>\n\t\t<\/div>\n\t<\/div>\n\t<div class=\"row input-recaptcha\">\n\t\t<div class=\"col-12\">\n\t\t\n\t\t<\/div>\n\t<\/div>\n\t<div class=\"row buttom-contact7\">\n\t\t<div class=\"col-12\">\n\t\t\t<div class=\"btn-form\">\n\t\t\t\t<p><button type=\"submit\" class=\"btn btn-style2\"><span>SEND<\/span><\/button>\n\t\t\t\t<\/p>\n\t\t\t<\/div>\n\t\t<\/div>\n\t<\/div>\n<\/div><div class=\"wpcf7-response-output\" aria-hidden=\"true\"><\/div>\n<\/form>\n<\/div>\n        <\/div>\r\n    <\/div>\r\n\t\t\t\t<\/div>\n\t\t\t\t<\/div>\n\t\t\t\t<\/div>\n\t\t\t\t<\/div>\n\t\t","protected":false},"excerpt":{"rendered":"<p>We are here for you with our ready-to-assist staff, providing sales, support, and spare parts services worldwide. Get In Touch ADDRESS Emek Mah. S\u0131vat Cad. No:17 34785 Sancaktepe \u0130stanbul, T\u00fcrkiye WORKING HOURS Monday &#8211; Friday 09.00 &#8211; 18.00 Saturday &#8211; Sunday Closed CONTACT sales@vabs.com +90 216 466 36 90 \u0130LET\u0130\u015e\u0130M FORMU VABS ile tan\u0131\u015fmak ve [&hellip;]<\/p>\n","protected":false},"author":1,"featured_media":0,"parent":0,"menu_order":0,"comment_status":"closed","ping_status":"closed","template":"","meta":{"footnotes":""},"class_list":["post-21165","page","type-page","status-publish","hentry"],"_links":{"self":[{"href":"https:\/\/www.vabs.com\/en\/wp-json\/wp\/v2\/pages\/21165","targetHints":{"allow":["GET"]}}],"collection":[{"href":"https:\/\/www.vabs.com\/en\/wp-json\/wp\/v2\/pages"}],"about":[{"href":"https:\/\/www.vabs.com\/en\/wp-json\/wp\/v2\/types\/page"}],"author":[{"embeddable":true,"href":"https:\/\/www.vabs.com\/en\/wp-json\/wp\/v2\/users\/1"}],"replies":[{"embeddable":true,"href":"https:\/\/www.vabs.com\/en\/wp-json\/wp\/v2\/comments?post=21165"}],"version-history":[{"count":22,"href":"https:\/\/www.vabs.com\/en\/wp-json\/wp\/v2\/pages\/21165\/revisions"}],"predecessor-version":[{"id":23997,"href":"https:\/\/www.vabs.com\/en\/wp-json\/wp\/v2\/pages\/21165\/revisions\/23997"}],"wp:attachment":[{"href":"https:\/\/www.vabs.com\/en\/wp-json\/wp\/v2\/media?parent=21165"}],"curies":[{"name":"wp","href":"https:\/\/api.w.org\/{rel}","templated":true}]}}