{"id":22414,"date":"2025-01-07T13:12:05","date_gmt":"2025-01-07T13:12:05","guid":{"rendered":"https:\/\/www.vabs.com\/iletisim\/"},"modified":"2026-01-21T11:00:53","modified_gmt":"2026-01-21T11:00:53","slug":"contacto","status":"publish","type":"page","link":"https:\/\/www.vabs.com\/es\/contacto\/","title":{"rendered":"Contacto"},"content":{"rendered":"\t\t<div data-elementor-type=\"wp-page\" data-elementor-id=\"22414\" class=\"elementor elementor-22414 elementor-18880\">\n\t\t\t\t<div class=\"elementor-element elementor-element-57b1ba5 e-con-full e-flex e-con e-parent\" data-id=\"57b1ba5\" data-element_type=\"container\" data-e-type=\"container\">\n\t\t\t\t<div class=\"elementor-element elementor-element-f438f70 elementor-widget elementor-widget-ct_heading\" data-id=\"f438f70\" data-element_type=\"widget\" data-e-type=\"widget\" data-widget_type=\"ct_heading.default\">\n\t\t\t\t<div class=\"elementor-widget-container\">\n\t\t\t\t\t<div class=\"ct-heading h-align-\">\r\n    \t\t\t<div class=\"item--sub-title\">\r\n            <span>Estamos aqu\u00ed para usted con nuestro personal listo para asistirle, proporcionando servicios de ventas, soporte y repuestos a nivel mundial.<\/span>\r\n        <\/div>\r\n\t    <h2 class=\"item--title case-animate-time st-default \" data-wow-delay=\"ms\">\r\n        <span>P\u00f3ngase en Contacto<\/span>    <\/h2>\r\n<\/div>\t\t\t\t<\/div>\n\t\t\t\t<\/div>\n\t\t<div class=\"elementor-element elementor-element-ae3017d e-con-full e-flex e-con e-child\" data-id=\"ae3017d\" data-element_type=\"container\" data-e-type=\"container\">\n\t\t<div class=\"elementor-element elementor-element-d42a0cb e-con-full e-flex e-con e-child\" data-id=\"d42a0cb\" data-element_type=\"container\" data-e-type=\"container\">\n\t\t\t\t<div class=\"elementor-element elementor-element-530c94d elementor-widget elementor-widget-ct_contact_info\" data-id=\"530c94d\" data-element_type=\"widget\" data-e-type=\"widget\" data-widget_type=\"ct_contact_info.default\">\n\t\t\t\t<div class=\"elementor-widget-container\">\n\t\t\t\t\t    <div id=\"ct_contact_info-530c94d\" class=\"ct-contact-info ct-contact-info2 style1 \" data-wow-duration=\"1.2s\">\r\n        <div class=\"ct-contact-content\">\r\n                            <label class=\"ct-contact-title\">DIRECCI\u00d3N<\/label>\r\n            \r\n                            <div class=\"ct-contact-list\">\r\n                                                                        <span>Emek Mah. S\u0131vat Cad. No:17 34785 Sancaktepe \u0130stanbul, T\u00fcrkiye <\/span>\r\n                                                            <\/div>\r\n            \r\n                    <\/div>\r\n    <\/div>\r\n\t\t\t\t<\/div>\n\t\t\t\t<\/div>\n\t\t\t\t<\/div>\n\t\t<div class=\"elementor-element elementor-element-1cf22e1 e-con-full e-flex e-con e-child\" data-id=\"1cf22e1\" data-element_type=\"container\" data-e-type=\"container\">\n\t\t\t\t<div class=\"elementor-element elementor-element-aa3d401 elementor-widget elementor-widget-ct_contact_info\" data-id=\"aa3d401\" data-element_type=\"widget\" data-e-type=\"widget\" data-widget_type=\"ct_contact_info.default\">\n\t\t\t\t<div class=\"elementor-widget-container\">\n\t\t\t\t\t    <div id=\"ct_contact_info-aa3d401\" class=\"ct-contact-info ct-contact-info2 style1 \" data-wow-duration=\"1.2s\">\r\n        <div class=\"ct-contact-content\">\r\n                            <label class=\"ct-contact-title\">HORARIO DE ATENCI\u00d3N<\/label>\r\n            \r\n                            <div class=\"ct-contact-list\">\r\n                                                                        <span>Lunes - Viernes  09.00 - 18.00<\/span>\r\n                                                            <\/div>\r\n            \r\n                            <div class=\"ct-contact-list\">\r\n                                                                    <span>S\u00e1bado - Domingo Cerrado<\/span>\r\n                                                            <\/div>\r\n                    <\/div>\r\n    <\/div>\r\n\t\t\t\t<\/div>\n\t\t\t\t<\/div>\n\t\t\t\t<\/div>\n\t\t<div class=\"elementor-element elementor-element-4207242 e-con-full e-flex e-con e-child\" data-id=\"4207242\" data-element_type=\"container\" data-e-type=\"container\">\n\t\t\t\t<div class=\"elementor-element elementor-element-6e1d2d9 elementor-widget elementor-widget-ct_contact_info\" data-id=\"6e1d2d9\" data-element_type=\"widget\" data-e-type=\"widget\" data-widget_type=\"ct_contact_info.default\">\n\t\t\t\t<div class=\"elementor-widget-container\">\n\t\t\t\t\t    <div id=\"ct_contact_info-6e1d2d9\" class=\"ct-contact-info ct-contact-info2 style1 \" data-wow-duration=\"1.2s\">\r\n        <div class=\"ct-contact-content\">\r\n                            <label class=\"ct-contact-title\">CONTACTO<\/label>\r\n            \r\n                            <div class=\"ct-contact-list\">\r\n                                            <a href=\"mailto:sales@vabs.com\">                            <span>sales@vabs.com<\/span>\r\n                        <\/a>                                    <\/div>\r\n            \r\n                            <div class=\"ct-contact-list\">\r\n                                            <a href=\"tel:+90 216 466 36 90\">                        <span>+90 216 466 36 90<\/span>\r\n                        <\/a>                                    <\/div>\r\n                    <\/div>\r\n    <\/div>\r\n\t\t\t\t<\/div>\n\t\t\t\t<\/div>\n\t\t\t\t<\/div>\n\t\t\t\t<\/div>\n\t\t\t\t<\/div>\n\t\t<div class=\"elementor-element elementor-element-fcc7e05 e-con-full e-flex e-con e-parent\" data-id=\"fcc7e05\" data-element_type=\"container\" data-e-type=\"container\">\n\t\t\t\t<div class=\"elementor-element elementor-element-840922c ct-widget-google_maps elementor-widget elementor-widget-google_maps\" data-id=\"840922c\" data-element_type=\"widget\" data-e-type=\"widget\" data-widget_type=\"google_maps.default\">\n\t\t\t\t<div class=\"elementor-widget-container\">\n\t\t\t\t\t\t\t<div class=\"elementor-custom-embed\">\n\t\t\t<iframe loading=\"lazy\"\n\t\t\t\t\tsrc=\"https:\/\/maps.google.com\/maps?q=Emek%2C%20Sivat%20Cd.%20No.17%2C%2034785%20Sancaktepe%2F%C4%B0stanbul&#038;t=m&#038;z=14&#038;output=embed&#038;iwloc=near\"\n\t\t\t\t\ttitle=\"Emek, Sivat Cd. No.17, 34785 Sancaktepe\/\u0130stanbul\"\n\t\t\t\t\taria-label=\"Emek, Sivat Cd. No.17, 34785 Sancaktepe\/\u0130stanbul\"\n\t\t\t><\/iframe>\n\t\t<\/div>\n\t\t\t\t\t\t<\/div>\n\t\t\t\t<\/div>\n\t\t\t\t<\/div>\n\t\t<div class=\"elementor-element elementor-element-ec04a77 e-con-full e-flex e-con e-parent\" data-id=\"ec04a77\" data-element_type=\"container\" data-e-type=\"container\">\n\t\t\t\t<div class=\"elementor-element elementor-element-034f9e0 elementor-widget elementor-widget-ct_contact_form\" data-id=\"034f9e0\" data-element_type=\"widget\" data-e-type=\"widget\" data-widget_type=\"ct_contact_form.default\">\n\t\t\t\t<div class=\"elementor-widget-container\">\n\t\t\t\t\t    <div class=\"ct-contact-form ct-contact-form-layout1 wow skewInUp\">\r\n    \t\t    \t<div class=\"ct-contact-titles\">\r\n                                                    <h2 class=\"text-title case-animate-time \" data-wow-delay=\"ms\">\r\n                    <span class=\"slide-in-container\"><span class=\"d-inline-block wow case-fade-in-up\">FORMULARIO<\/span><\/span> <span class=\"slide-in-container\"><span class=\"d-inline-block wow case-fade-in-up\">DE<\/span><\/span> <span class=\"slide-in-container\"><span class=\"d-inline-block wow case-fade-in-up\">CONTACTO<\/span><\/span>                    <\/h2>\r\n                                                    <p class=\"text-description\">Para conocer VABS y obtener informaci\u00f3n, por favor cont\u00e1ctenos.<\/p>\r\n                \t    \t<\/div>\r\n\t            <div class=\"ct-contact-form\">\r\n            \n<div class=\"wpcf7 no-js\" id=\"wpcf7-f22647-o1\" lang=\"es-ES\" dir=\"ltr\" data-wpcf7-id=\"22647\">\n<div class=\"screen-reader-response\"><p role=\"status\" aria-live=\"polite\" aria-atomic=\"true\"><\/p> <ul><\/ul><\/div>\n<form action=\"\/es\/wp-json\/wp\/v2\/pages\/22414#wpcf7-f22647-o1\" method=\"post\" class=\"wpcf7-form init\" aria-label=\"Formulario de contacto\" novalidate=\"novalidate\" data-status=\"init\">\n<fieldset class=\"hidden-fields-container\"><input type=\"hidden\" name=\"_wpcf7\" value=\"22647\" \/><input type=\"hidden\" name=\"_wpcf7_version\" value=\"6.1.5\" \/><input type=\"hidden\" name=\"_wpcf7_locale\" value=\"es_ES\" \/><input type=\"hidden\" name=\"_wpcf7_unit_tag\" value=\"wpcf7-f22647-o1\" \/><input type=\"hidden\" name=\"_wpcf7_container_post\" value=\"0\" \/><input type=\"hidden\" name=\"_wpcf7_posted_data_hash\" value=\"\" \/><input type=\"hidden\" name=\"_wpcf7_recaptcha_response\" value=\"\" \/>\n<\/fieldset>\n<div class=\"wp-row-ctf7 contact-form-custom1\">\n\t<div class=\"row input-contact\">\n\t\t<div class=\"col-lg-6\">\n\t\t\t<div class=\"input-filled\">\n\t\t\t\t<p><label>Nombre y Apellido<\/label><br \/>\n<span class=\"wpcf7-form-control-wrap\" data-name=\"your-name\"><input size=\"40\" maxlength=\"400\" class=\"wpcf7-form-control wpcf7-text wpcf7-validates-as-required\" aria-required=\"true\" aria-invalid=\"false\" placeholder=\"Ingrese su nombre y apellido\" value=\"\" type=\"text\" name=\"your-name\" \/><\/span>\n\t\t\t\t<\/p>\n\t\t\t<\/div>\n\t\t<\/div>\n\t\t<div class=\"col-lg-6\">\n\t\t\t<div class=\"input-filled\">\n\t\t\t\t<p><label>Correo electr\u00f3nico<\/label><br \/>\n<span class=\"wpcf7-form-control-wrap\" data-name=\"your-email\"><input size=\"40\" maxlength=\"400\" class=\"wpcf7-form-control wpcf7-email wpcf7-validates-as-required wpcf7-text wpcf7-validates-as-email\" aria-required=\"true\" aria-invalid=\"false\" placeholder=\"Ingrese su correo electr\u00f3nico\" value=\"\" type=\"email\" name=\"your-email\" \/><\/span>\n\t\t\t\t<\/p>\n\t\t\t<\/div>\n\t\t<\/div>\n\t<\/div>\n\t<div class=\"row input-contact\">\n\t\t<div class=\"col-lg-6\">\n\t\t\t<div class=\"input-filled\">\n\t\t\t\t<p><label>Asunto del Mensaje<\/label><br \/>\n<span class=\"wpcf7-form-control-wrap\" data-name=\"Konu\"><select class=\"wpcf7-form-control wpcf7-select dark2-select\" aria-invalid=\"false\" name=\"Konu\"><option value=\"Contacto\">Contacto<\/option><option value=\"Producci\u00f3n\">Producci\u00f3n<\/option><option value=\"Servicio\">Servicio<\/option><option value=\"Pedido\">Pedido<\/option><option value=\"Otro\">Otro<\/option><\/select><\/span>\n\t\t\t\t<\/p>\n\t\t\t<\/div>\n\t\t<\/div>\n\t\t<div class=\"col-lg-6\">\n\t\t\t<div class=\"input-filled \">\n\t\t\t\t<p><label>Productos<\/label><br \/>\n<span class=\"wpcf7-form-control-wrap\" data-name=\"urunler\"><select class=\"wpcf7-form-control wpcf7-select dark2-select\" aria-invalid=\"false\" name=\"urunler\"><option value=\"Cabezales para Laminar Roscas\">Cabezales para Laminar Roscas<\/option><option value=\"Rodillos para Laminar Roscas\">Rodillos para Laminar Roscas<\/option><option value=\"Producci\u00f3n Especial para Laminar Roscas\">Producci\u00f3n Especial para Laminar Roscas<\/option><option value=\"Cabezales de Torneado\">Cabezales de Torneado<\/option><\/select><\/span>\n\t\t\t\t<\/p>\n\t\t\t<\/div>\n\t\t<\/div>\n\t<\/div>\n\t<div class=\"row input-contact\">\n\t\t<div class=\"col-12\">\n\t\t\t<div class=\"input-filled large\">\n\t\t\t\t<p><label>Su Mensaje<\/label><br \/>\n<span class=\"wpcf7-form-control-wrap\" data-name=\"your-message\"><input size=\"40\" maxlength=\"400\" class=\"wpcf7-form-control wpcf7-text wpcf7-validates-as-required\" aria-required=\"true\" aria-invalid=\"false\" placeholder=\"Proporcione una breve descripci\u00f3n de su mensaje\" value=\"\" type=\"text\" name=\"your-message\" \/><\/span>\n\t\t\t\t<\/p>\n\t\t\t<\/div>\n\t\t<\/div>\n\t<\/div>\n\t<div class=\"row input-recaptcha\">\n\t\t<div class=\"col-12\">\n\t\t\n\t\t<\/div>\n\t<\/div>\n\t<div class=\"row buttom-contact7\">\n\t\t<div class=\"col-12\">\n\t\t\t<div class=\"btn-form\">\n\t\t\t\t<p><button type=\"submit\" class=\"btn btn-style2\"><span>Enviar<\/span><\/button>\n\t\t\t\t<\/p>\n\t\t\t<\/div>\n\t\t<\/div>\n\t<\/div>\n<\/div><div class=\"wpcf7-response-output\" aria-hidden=\"true\"><\/div>\n<\/form>\n<\/div>\n        <\/div>\r\n    <\/div>\r\n\t\t\t\t<\/div>\n\t\t\t\t<\/div>\n\t\t\t\t<\/div>\n\t\t\t\t<\/div>\n\t\t","protected":false},"excerpt":{"rendered":"<p>Estamos aqu\u00ed para usted con nuestro personal listo para asistirle, proporcionando servicios de ventas, soporte y repuestos a nivel mundial. P\u00f3ngase en Contacto DIRECCI\u00d3N Emek Mah. S\u0131vat Cad. No:17 34785 Sancaktepe \u0130stanbul, T\u00fcrkiye HORARIO DE ATENCI\u00d3N Lunes &#8211; Viernes 09.00 &#8211; 18.00 S\u00e1bado &#8211; Domingo Cerrado CONTACTO sales@vabs.com +90 216 466 36 90 FORMULARIO DE [&hellip;]<\/p>\n","protected":false},"author":1,"featured_media":0,"parent":0,"menu_order":0,"comment_status":"closed","ping_status":"closed","template":"","meta":{"footnotes":""},"class_list":["post-22414","page","type-page","status-publish","hentry"],"_links":{"self":[{"href":"https:\/\/www.vabs.com\/es\/wp-json\/wp\/v2\/pages\/22414","targetHints":{"allow":["GET"]}}],"collection":[{"href":"https:\/\/www.vabs.com\/es\/wp-json\/wp\/v2\/pages"}],"about":[{"href":"https:\/\/www.vabs.com\/es\/wp-json\/wp\/v2\/types\/page"}],"author":[{"embeddable":true,"href":"https:\/\/www.vabs.com\/es\/wp-json\/wp\/v2\/users\/1"}],"replies":[{"embeddable":true,"href":"https:\/\/www.vabs.com\/es\/wp-json\/wp\/v2\/comments?post=22414"}],"version-history":[{"count":13,"href":"https:\/\/www.vabs.com\/es\/wp-json\/wp\/v2\/pages\/22414\/revisions"}],"predecessor-version":[{"id":24000,"href":"https:\/\/www.vabs.com\/es\/wp-json\/wp\/v2\/pages\/22414\/revisions\/24000"}],"wp:attachment":[{"href":"https:\/\/www.vabs.com\/es\/wp-json\/wp\/v2\/media?parent=22414"}],"curies":[{"name":"wp","href":"https:\/\/api.w.org\/{rel}","templated":true}]}}