{"id":22425,"date":"2025-01-07T13:10:34","date_gmt":"2025-01-07T13:10:34","guid":{"rendered":"https:\/\/www.vabs.com\/hakkimizda\/"},"modified":"2025-04-22T12:04:54","modified_gmt":"2025-04-22T12:04:54","slug":"sobre-nosotros","status":"publish","type":"page","link":"https:\/\/www.vabs.com\/es\/sobre-nosotros\/","title":{"rendered":"Sobre Nosotros"},"content":{"rendered":"\t\t<div data-elementor-type=\"wp-page\" data-elementor-id=\"22425\" class=\"elementor elementor-22425 elementor-18862\">\n\t\t\t\t<div class=\"elementor-element elementor-element-f729409 e-con-full e-flex e-con e-parent\" data-id=\"f729409\" data-element_type=\"container\" data-e-type=\"container\">\n\t\t<div class=\"elementor-element elementor-element-c1c1a6a e-con-full e-flex e-con e-child\" data-id=\"c1c1a6a\" data-element_type=\"container\" data-e-type=\"container\">\n\t\t\t\t<div class=\"elementor-element elementor-element-22ed9f6 elementor-widget elementor-widget-ct_heading\" data-id=\"22ed9f6\" data-element_type=\"widget\" data-e-type=\"widget\" data-widget_type=\"ct_heading.default\">\n\t\t\t\t<div class=\"elementor-widget-container\">\n\t\t\t\t\t<div class=\"ct-heading h-align-\">\r\n    \t\t\t<div class=\"item--sub-title\">\r\n            <span>Producci\u00f3n Confiable y Soluciones Innovadoras Desde 1968<\/span>\r\n        <\/div>\r\n\t    <h4 class=\"item--title case-animate-time st-default \" data-wow-delay=\"ms\">\r\n        <span>Veysel K\u00fct\u00fckl\u00fc Makina Sanayi ve Ticaret Anonim \u015eirketi<\/span>    <\/h4>\r\n<\/div>\t\t\t\t<\/div>\n\t\t\t\t<\/div>\n\t\t\t\t<div class=\"elementor-element elementor-element-3af4b79 elementor-widget elementor-widget-ct_heading\" data-id=\"3af4b79\" data-element_type=\"widget\" data-e-type=\"widget\" data-widget_type=\"ct_heading.default\">\n\t\t\t\t<div class=\"elementor-widget-container\">\n\t\t\t\t\t<div class=\"ct-heading h-align-\">\r\n    \t    <div class=\"item--title case-animate-time st-default \" data-wow-delay=\"ms\">\r\n        <span>Fundada en 1968 en un modesto taller, VABS se ha convertido hoy en una marca que representa confiabilidad y calidad en la industria. A lo largo de los a\u00f1os, al acumular conocimientos y adaptarse a los avances tecnol\u00f3gicos, nos hemos consolidado firmemente en diversos campos industriales con nuestras herramientas de laminado de roscas y soluciones de fabricaci\u00f3n personalizadas.<\/span>    <\/div>\r\n<\/div>\t\t\t\t<\/div>\n\t\t\t\t<\/div>\n\t\t\t\t<\/div>\n\t\t<div class=\"elementor-element elementor-element-00f58b4 e-con-full e-flex e-con e-child\" data-id=\"00f58b4\" data-element_type=\"container\" data-e-type=\"container\">\n\t\t\t\t<div class=\"elementor-element elementor-element-82c7b1a elementor-widget elementor-widget-ct_progressbar\" data-id=\"82c7b1a\" data-element_type=\"widget\" data-e-type=\"widget\" data-widget_type=\"ct_progressbar.default\">\n\t\t\t\t<div class=\"elementor-widget-container\">\n\t\t\t\t\t    <div class=\"ct-progressbar ct-progressbar1 style1\">\n        \n            <div class=\"ct-progress-item\">\n                <div class=\"ct-progress-meta\">\n                                            <h6 class=\"ct-progress-title\">Inicio y Establecimiento de las Bases (1960-1968)<\/h6>\n                        <h6 class=\"ct-progress-percentage\">10%<\/h6>\n                                    <\/div>\n                <div class=\"ct-progress-holder\">\n\n                    <div class=\"ct-progress-bar\" role=\"progressbar\" data-valuetransitiongoal=\"10\">\n                    <\/div>\n                <\/div>\n            <\/div>\n        \n            <div class=\"ct-progress-item\">\n                <div class=\"ct-progress-meta\">\n                                            <h6 class=\"ct-progress-title\">Expansi\u00f3n en la Industria y Primeros \u00c9xitos (1970-1986)<\/h6>\n                        <h6 class=\"ct-progress-percentage\">30%<\/h6>\n                                    <\/div>\n                <div class=\"ct-progress-holder\">\n\n                    <div class=\"ct-progress-bar\" role=\"progressbar\" data-valuetransitiongoal=\"30\">\n                    <\/div>\n                <\/div>\n            <\/div>\n        \n            <div class=\"ct-progress-item\">\n                <div class=\"ct-progress-meta\">\n                                            <h6 class=\"ct-progress-title\">Innovaci\u00f3n y Crecimiento Nacional (1990-1998)<\/h6>\n                        <h6 class=\"ct-progress-percentage\">50%<\/h6>\n                                    <\/div>\n                <div class=\"ct-progress-holder\">\n\n                    <div class=\"ct-progress-bar\" role=\"progressbar\" data-valuetransitiongoal=\"50\">\n                    <\/div>\n                <\/div>\n            <\/div>\n        \n            <div class=\"ct-progress-item\">\n                <div class=\"ct-progress-meta\">\n                                            <h6 class=\"ct-progress-title\">Alcanzando Est\u00e1ndares Internacionales (2000-2010)<\/h6>\n                        <h6 class=\"ct-progress-percentage\">80%<\/h6>\n                                    <\/div>\n                <div class=\"ct-progress-holder\">\n\n                    <div class=\"ct-progress-bar\" role=\"progressbar\" data-valuetransitiongoal=\"80\">\n                    <\/div>\n                <\/div>\n            <\/div>\n        \n            <div class=\"ct-progress-item\">\n                <div class=\"ct-progress-meta\">\n                                            <h6 class=\"ct-progress-title\">Liderazgo y \u00c9xito Sostenible (2010-Presente)<\/h6>\n                        <h6 class=\"ct-progress-percentage\">100%<\/h6>\n                                    <\/div>\n                <div class=\"ct-progress-holder\">\n\n                    <div class=\"ct-progress-bar\" role=\"progressbar\" data-valuetransitiongoal=\"100\">\n                    <\/div>\n                <\/div>\n            <\/div>\n            <\/div>\n\t\t\t\t<\/div>\n\t\t\t\t<\/div>\n\t\t\t\t<\/div>\n\t\t\t\t<\/div>\n\t\t<div class=\"elementor-element elementor-element-37505111 e-con-full e-flex e-con e-parent\" data-id=\"37505111\" data-element_type=\"container\" data-e-type=\"container\">\n\t\t\t\t<div class=\"elementor-element elementor-element-57672fe elementor-widget elementor-widget-text-editor\" data-id=\"57672fe\" data-element_type=\"widget\" data-e-type=\"widget\" data-widget_type=\"text-editor.default\">\n\t\t\t\t<div class=\"elementor-widget-container\">\n\t\t\t\t\t\t\t\t\t<h3>Inicio y Establecimiento de las Bases<\/h3><p><img decoding=\"async\" class=\"size-medium wp-image-21394 alignright\" src=\"https:\/\/www.vabs.com\/wp-content\/uploads\/2025\/02\/vk_vabs_600x350-300x162.jpg\" alt=\"\" width=\"300\" height=\"162\" srcset=\"https:\/\/www.vabs.com\/wp-content\/uploads\/2025\/02\/vk_vabs_600x350-300x162.jpg 300w, https:\/\/www.vabs.com\/wp-content\/uploads\/2025\/02\/vk_vabs_600x350-600x323.jpg 600w, https:\/\/www.vabs.com\/wp-content\/uploads\/2025\/02\/vk_vabs_600x350.jpg 650w\" sizes=\"(max-width: 300px) 100vw, 300px\" \/><\/p><p><br \/>Los cimientos de la empresa se basan en el conocimiento y la experiencia que Veysel K\u00fct\u00fckl\u00fc adquiri\u00f3 durante su trabajo como maestro tornero en Alemania, los cuales trajo consigo al regresar a Turqu\u00eda en 1960.<\/p><p>En 1968, con este conocimiento y experiencia, Veysel K\u00fct\u00fckl\u00fc fund\u00f3 su taller en Bayrampa\u015fa, Estambul, Turqu\u00eda, con los principios de producci\u00f3n de calidad y honestidad. All\u00ed, comenz\u00f3 a producir las primeras herramientas de laminado de roscas nacionales de Turqu\u00eda.<\/p><p>Las herramientas de laminado de roscas de VABS se convirtieron en un producto que permiti\u00f3 el ahorro de materia prima y la producci\u00f3n de roscas de alta calidad, asegurando as\u00ed su lugar en la industria.<\/p>\t\t\t\t\t\t\t\t<\/div>\n\t\t\t\t<\/div>\n\t\t\t\t<div class=\"elementor-element elementor-element-93b3f18 elementor-widget elementor-widget-text-editor\" data-id=\"93b3f18\" data-element_type=\"widget\" data-e-type=\"widget\" data-widget_type=\"text-editor.default\">\n\t\t\t\t<div class=\"elementor-widget-container\">\n\t\t\t\t\t\t\t\t\t<h3>Expansi\u00f3n en la Industria y Primeros \u00c9xitos<\/h3><p>En la d\u00e9cada de 1970, VABS comenz\u00f3 a producir repuestos automotrices para f\u00e1bricas de autom\u00f3viles. Utilizando herramientas de laminado de roscas, la empresa produjo las roscas de las piezas automotrices con la m\u00e1s alta calidad y precisi\u00f3n, mejorando as\u00ed la seguridad de estas partes.<\/p><p>Adem\u00e1s, durante m\u00e1s de veinte a\u00f1os, Veysel K\u00fct\u00fckl\u00fc proporcion\u00f3 el soporte de moldes y repuestos de la m\u00e1s alta calidad necesario para la producci\u00f3n farmac\u00e9utica a empresas internacionales como Pfizer, Novartis, Abdi \u0130brahim y Abbott. Los procesos de producci\u00f3n de estas piezas involucraban el uso de rodillos de tornillo sin fin o herramientas de laminado de roscas.<\/p><p>\u00a0<\/p><p>La d\u00e9cada de 1980<\/p><p>En respuesta a la demanda de las industrias automotriz y de maquinaria, comenzaron las ventas nacionales de herramientas de laminado de roscas. Las empresas hicieron una transici\u00f3n r\u00e1pida a este sistema debido a los desaf\u00edos de los m\u00e9todos tradicionales de fabricaci\u00f3n de roscas por corte de viruta.<\/p><p>1986<\/p><p>En este a\u00f1o, VABS particip\u00f3 en su primera exposici\u00f3n en la Feria Internacional de Izmir, la feria m\u00e1s grande de Turqu\u00eda. Con esta participaci\u00f3n, las aplicaciones del producto se expandieron a varios sectores. Piezas automotrices, varillas de pist\u00f3n neum\u00e1ticas-hidr\u00e1ulicas y tornillos cuadrados utilizados en la industria de v\u00e1lvulas fueron algunos ejemplos de estas nuevas aplicaciones.\u200b<\/p>\t\t\t\t\t\t\t\t<\/div>\n\t\t\t\t<\/div>\n\t\t\t\t<div class=\"elementor-element elementor-element-2e15d62 elementor-widget elementor-widget-text-editor\" data-id=\"2e15d62\" data-element_type=\"widget\" data-e-type=\"widget\" data-widget_type=\"text-editor.default\">\n\t\t\t\t<div class=\"elementor-widget-container\">\n\t\t\t\t\t\t\t\t\t<h3>Innovaci\u00f3n y Crecimiento Nacional<\/h3><p>1990<\/p><p><img fetchpriority=\"high\" decoding=\"async\" class=\"size-medium wp-image-21712 alignright\" src=\"https:\/\/www.vabs.com\/wp-content\/uploads\/2025\/02\/vabs_1986_b-207x300.jpg\" alt=\"\" width=\"207\" height=\"300\" srcset=\"https:\/\/www.vabs.com\/wp-content\/uploads\/2025\/02\/vabs_1986_b-207x300.jpg 207w, https:\/\/www.vabs.com\/wp-content\/uploads\/2025\/02\/vabs_1986_b-300x434.jpg 300w, https:\/\/www.vabs.com\/wp-content\/uploads\/2025\/02\/vabs_1986_b-600x868.jpg 600w, https:\/\/www.vabs.com\/wp-content\/uploads\/2025\/02\/vabs_1986_b-708x1024.jpg 708w, https:\/\/www.vabs.com\/wp-content\/uploads\/2025\/02\/vabs_1986_b-768x1111.jpg 768w, https:\/\/www.vabs.com\/wp-content\/uploads\/2025\/02\/vabs_1986_b.jpg 800w\" sizes=\"(max-width: 207px) 100vw, 207px\" \/><\/p><p>Basado en la demanda de herramientas de laminado de roscas, se realizaron esfuerzos de desarrollo y, para el sector de la construcci\u00f3n, se produjeron tubos de sonda telesc\u00f3picos utilizando el m\u00e9todo de laminado de roscas. El m\u00e9todo reemplaz\u00f3 las t\u00e9cnicas de corte de viruta, transformando los sistemas de sonda en sistemas m\u00e1s fuertes con mayor seguridad. Con esta innovaci\u00f3n, los tiempos de producci\u00f3n se redujeron de 5 minutos a 5 segundos. Los sistemas de aparatos se produjeron inicialmente en grupos de 4-5-6 para eliminar la ovalidad en los tubos.\u200b<\/p><p>1995<\/p><p>Con nuevas innovaciones, la variedad de herramientas aument\u00f3 y se crearon nuevos dise\u00f1os para sistemas de tuber\u00edas de perforaci\u00f3n utilizando herramientas de grupos de 5-6.\u200b<\/p><p>1998<\/p><p>Basado en la demanda del extranjero, comenzaron las exportaciones de herramientas.\u200b<\/p>\t\t\t\t\t\t\t\t<\/div>\n\t\t\t\t<\/div>\n\t\t\t\t<div class=\"elementor-element elementor-element-ea07e13 elementor-widget elementor-widget-text-editor\" data-id=\"ea07e13\" data-element_type=\"widget\" data-e-type=\"widget\" data-widget_type=\"text-editor.default\">\n\t\t\t\t<div class=\"elementor-widget-container\">\n\t\t\t\t\t\t\t\t\t<h3>Alcanzando Est\u00e1ndares Internacionales<\/h3><p><img decoding=\"async\" class=\"wp-image-21450 size-thumbnail alignright\" src=\"https:\/\/www.vabs.com\/wp-content\/uploads\/2025\/02\/vabs-2-150x150.jpg\" alt=\"\" width=\"150\" height=\"150\" srcset=\"https:\/\/www.vabs.com\/wp-content\/uploads\/2025\/02\/vabs-2-150x150.jpg 150w, https:\/\/www.vabs.com\/wp-content\/uploads\/2025\/02\/vabs-2-460x460.jpg 460w\" sizes=\"(max-width: 150px) 100vw, 150px\" \/>2000<\/p><p>VABS adquiri\u00f3 la capacidad de producir seg\u00fan todos los est\u00e1ndares de roscas con el m\u00e9todo de laminado de roscas, incluyendo m\u00e9tricas, m\u00e9tricas finas, UNC, UNF, UNJF, Whitworth, BSP, BSPT, NPT, trapezoidales, rosca trif\u00f3n, roscas de bicicleta y roscas de r\u00f3tula, junto con patrones especiales como tornillo sin fin, tornillo sin fin m\u00faltiple y roscas redondas.\u200b<\/p>\t\t\t\t\t\t\t\t<\/div>\n\t\t\t\t<\/div>\n\t\t\t\t<div class=\"elementor-element elementor-element-6195e6d elementor-widget elementor-widget-text-editor\" data-id=\"6195e6d\" data-element_type=\"widget\" data-e-type=\"widget\" data-widget_type=\"text-editor.default\">\n\t\t\t\t<div class=\"elementor-widget-container\">\n\t\t\t\t\t\t\t\t\t<h3>Liderazgo y \u00c9xito Sostenible<\/h3><p>2010<\/p><p><img loading=\"lazy\" decoding=\"async\" class=\"size-medium wp-image-21441 alignright\" src=\"https:\/\/www.vabs.com\/wp-content\/uploads\/2025\/02\/veysel_kutuklu_vabs-300x180.jpg\" alt=\"\" width=\"300\" height=\"180\" srcset=\"https:\/\/www.vabs.com\/wp-content\/uploads\/2025\/02\/veysel_kutuklu_vabs-300x180.jpg 300w, https:\/\/www.vabs.com\/wp-content\/uploads\/2025\/02\/veysel_kutuklu_vabs-600x360.jpg 600w, https:\/\/www.vabs.com\/wp-content\/uploads\/2025\/02\/veysel_kutuklu_vabs-1024x615.jpg 1024w, https:\/\/www.vabs.com\/wp-content\/uploads\/2025\/02\/veysel_kutuklu_vabs-768x461.jpg 768w, https:\/\/www.vabs.com\/wp-content\/uploads\/2025\/02\/veysel_kutuklu_vabs.jpg 1390w\" sizes=\"(max-width: 300px) 100vw, 300px\" \/>Los productos VABS se pueden utilizar de manera segura en todo tipo de tornos CNC, tornos universales, m\u00e1quinas autom\u00e1ticas, m\u00e1quinas de perforaci\u00f3n y sistemas de torneado no convencionales. El m\u00e9todo de laminado garantiza la creaci\u00f3n de roscas duras y pulido de superficies a trav\u00e9s de la compresi\u00f3n molecular, ofreciendo la producci\u00f3n de tornillos de la m\u00e1s alta calidad. Adem\u00e1s, se pueden lograr ahorros de materia prima y hasta un 70% de mejora en la eficiencia utilizando este m\u00e9todo<\/p><p>Hoy en d\u00eda, <strong>VABS<\/strong> opera en una instalaci\u00f3n de 5,700 metros cuadrados, con 2,000 metros cuadrados de espacio cubierto, ubicada en la Zona Industrial Organizada de \u00dcmraniye. La empresa es l\u00edder en la producci\u00f3n de herramientas de laminado de roscas y se compromete a proporcionar productos confiables, efectivos e innovadores a sus clientes.\u200b<\/p><p><strong>VABS<\/strong> aspira a ser un punto de referencia global en calidad y confiabilidad, colocando la satisfacci\u00f3n del cliente en primer plano. Siguiendo continuamente las \u00faltimas tecnolog\u00edas, la empresa integra soluciones innovadoras en sus procesos comerciales para mantener su liderazgo en la industria.\u200b<\/p><p><img loading=\"lazy\" decoding=\"async\" class=\"wp-image-21447 size-medium alignleft\" src=\"https:\/\/www.vabs.com\/wp-content\/uploads\/2025\/02\/vabs-1-300x105.jpg\" alt=\"\" width=\"300\" height=\"105\" srcset=\"https:\/\/www.vabs.com\/wp-content\/uploads\/2025\/02\/vabs-1-300x105.jpg 300w, https:\/\/www.vabs.com\/wp-content\/uploads\/2025\/02\/vabs-1-600x210.jpg 600w, https:\/\/www.vabs.com\/wp-content\/uploads\/2025\/02\/vabs-1.jpg 655w\" sizes=\"(max-width: 300px) 100vw, 300px\" \/>La fuerza impulsora m\u00e1s importante detr\u00e1s del \u00e9xito de <strong>Veysel K\u00fct\u00fckl\u00fc<\/strong> en este viaje, que comenz\u00f3 con pasos modestos, es sin duda el enfoque sincero y confiable construido en todas sus relaciones<\/p><p><strong>Veysel K\u00fct\u00fckl\u00fc<\/strong> se considera el socio industrial de sus clientes y anticipa sus necesidades, proporcionando soluciones a medida para satisfacer esas necesidades.\u200b<\/p>\t\t\t\t\t\t\t\t<\/div>\n\t\t\t\t<\/div>\n\t\t\t\t<\/div>\n\t\t\t\t<\/div>\n\t\t","protected":false},"excerpt":{"rendered":"<p>Producci\u00f3n Confiable y Soluciones Innovadoras Desde 1968 Veysel K\u00fct\u00fckl\u00fc Makina Sanayi ve Ticaret Anonim \u015eirketi Fundada en 1968 en un modesto taller, VABS se ha convertido hoy en una marca que representa confiabilidad y calidad en la industria. A lo largo de los a\u00f1os, al acumular conocimientos y adaptarse a los avances tecnol\u00f3gicos, nos hemos [&hellip;]<\/p>\n","protected":false},"author":1,"featured_media":0,"parent":0,"menu_order":0,"comment_status":"closed","ping_status":"closed","template":"","meta":{"footnotes":""},"class_list":["post-22425","page","type-page","status-publish","hentry"],"_links":{"self":[{"href":"https:\/\/www.vabs.com\/es\/wp-json\/wp\/v2\/pages\/22425","targetHints":{"allow":["GET"]}}],"collection":[{"href":"https:\/\/www.vabs.com\/es\/wp-json\/wp\/v2\/pages"}],"about":[{"href":"https:\/\/www.vabs.com\/es\/wp-json\/wp\/v2\/types\/page"}],"author":[{"embeddable":true,"href":"https:\/\/www.vabs.com\/es\/wp-json\/wp\/v2\/users\/1"}],"replies":[{"embeddable":true,"href":"https:\/\/www.vabs.com\/es\/wp-json\/wp\/v2\/comments?post=22425"}],"version-history":[{"count":16,"href":"https:\/\/www.vabs.com\/es\/wp-json\/wp\/v2\/pages\/22425\/revisions"}],"predecessor-version":[{"id":22443,"href":"https:\/\/www.vabs.com\/es\/wp-json\/wp\/v2\/pages\/22425\/revisions\/22443"}],"wp:attachment":[{"href":"https:\/\/www.vabs.com\/es\/wp-json\/wp\/v2\/media?parent=22425"}],"curies":[{"name":"wp","href":"https:\/\/api.w.org\/{rel}","templated":true}]}}