{"id":22503,"date":"2025-01-07T13:09:47","date_gmt":"2025-01-07T13:09:47","guid":{"rendered":"https:\/\/www.vabs.com\/radial-thread-rolling-heads\/"},"modified":"2025-04-22T15:18:43","modified_gmt":"2025-04-22T15:18:43","slug":"cabezales-para-laminar-roscas-radiales","status":"publish","type":"page","link":"https:\/\/www.vabs.com\/es\/cabezales-para-laminar-roscas-radiales\/","title":{"rendered":"Cabezales para Laminar Roscas Radiales"},"content":{"rendered":"\t\t<div data-elementor-type=\"wp-page\" data-elementor-id=\"22503\" class=\"elementor elementor-22503 elementor-18857\">\n\t\t\t\t<div class=\"elementor-element elementor-element-370fbdf8 e-con-full e-flex e-con e-parent\" data-id=\"370fbdf8\" data-element_type=\"container\" data-e-type=\"container\">\n\t\t<div class=\"elementor-element elementor-element-676a0457 e-con-full e-flex e-con e-child\" data-id=\"676a0457\" data-element_type=\"container\" data-e-type=\"container\">\n\t\t\t\t<div class=\"elementor-element elementor-element-1458316b elementor-widget elementor-widget-ct_heading\" data-id=\"1458316b\" data-element_type=\"widget\" data-e-type=\"widget\" data-widget_type=\"ct_heading.default\">\n\t\t\t\t<div class=\"elementor-widget-container\">\n\t\t\t\t\t<div class=\"ct-heading h-align-\">\r\n    \t\t\t<div class=\"item--sub-title\">\r\n            <span>M\u00e1xima Productividad en el Menor Tiempo<\/span>\r\n        <\/div>\r\n\t    <h2 class=\"item--title case-animate-time st-default \" data-wow-delay=\"ms\">\r\n        <span>Cabezales para Laminar Roscas Radiales<\/span>    <\/h2>\r\n<\/div>\t\t\t\t<\/div>\n\t\t\t\t<\/div>\n\t\t\t\t<div class=\"elementor-element elementor-element-3165ba5d elementor-widget elementor-widget-ct_text_editor\" data-id=\"3165ba5d\" data-element_type=\"widget\" data-e-type=\"widget\" data-widget_type=\"ct_text_editor.default\">\n\t\t\t\t<div class=\"elementor-widget-container\">\n\t\t\t\t\t<div id=\"ct_text_editor-3165ba5d\" class=\"ct-text-editor \" data-wow-delay=\"ms\">\n\t<div class=\"ct-inline-css\"  data-css=\"\n        \t\t\">\n\n    <\/div>\n\t<div class=\"ct-text-inner elementor-clearfix\">\n\t\t<p>El Cabezal Radial para Laminar Roscas es una herramienta dise\u00f1ada para la producci\u00f3n r\u00e1pida y sin arranque de viruta de tornillos de peque\u00f1o di\u00e1metro. Gracias al principio de movimiento radial, el proceso se completa con una sola rotaci\u00f3n del rodillo, maximizando la velocidad de producci\u00f3n. Esta tecnolog\u00eda innovadora elimina el desperdicio de material, garantizando una calidad y precisi\u00f3n constantes.<\/p><p>El Cabezal Radial es una soluci\u00f3n ideal para una amplia gama de aplicaciones, desde el sector automotriz hasta el uso industrial en general.<\/p>\t<\/div>\n<\/div>\t\t\t\t<\/div>\n\t\t\t\t<\/div>\n\t\t\t\t<\/div>\n\t\t<div class=\"elementor-element elementor-element-650de9b1 e-con-full e-flex e-con e-child\" data-id=\"650de9b1\" data-element_type=\"container\" data-e-type=\"container\">\n\t\t\t\t<div class=\"elementor-element elementor-element-65de37d3 elementor-widget elementor-widget-ct_image\" data-id=\"65de37d3\" data-element_type=\"widget\" data-e-type=\"widget\" data-widget_type=\"ct_image.default\">\n\t\t\t\t<div class=\"elementor-widget-container\">\n\t\t\t\t\t<div class=\"ct-image-single style-zoom   \" data-width=\"\" data-height=\"\">\r\n                        <img fetchpriority=\"high\" decoding=\"async\" width=\"400\" height=\"409\" src=\"https:\/\/www.vabs.com\/wp-content\/uploads\/2025\/01\/radyal_1.png\" class=\"attachment-full\" alt=\"\" \/>            <\/div>\t\t\t\t<\/div>\n\t\t\t\t<\/div>\n\t\t\t\t<\/div>\n\t\t\t\t<\/div>\n\t\t<div class=\"elementor-element elementor-element-bd2a36f e-con-full e-flex e-con e-parent\" data-id=\"bd2a36f\" data-element_type=\"container\" data-e-type=\"container\">\n\t\t<div class=\"elementor-element elementor-element-7122ca5 e-con-full e-flex e-con e-child\" data-id=\"7122ca5\" data-element_type=\"container\" data-e-type=\"container\">\n\t\t\t\t<div class=\"elementor-element elementor-element-3963db2 elementor-widget elementor-widget-ct_heading\" data-id=\"3963db2\" data-element_type=\"widget\" data-e-type=\"widget\" data-widget_type=\"ct_heading.default\">\n\t\t\t\t<div class=\"elementor-widget-container\">\n\t\t\t\t\t<div class=\"ct-heading h-align-\">\r\n    \t    <h5 class=\"item--title case-animate-time st-default \" data-wow-delay=\"ms\">\r\n        <span>Actualmente, el Cabezal Radial para Laminar Roscas est\u00e1 en fase de I+D y est\u00e1 siendo desarrollado por nuestro equipo t\u00e9cnico. Para solicitudes especiales, por favor cont\u00e1ctenos.<\/span>    <\/h5>\r\n<\/div>\t\t\t\t<\/div>\n\t\t\t\t<\/div>\n\t\t\t\t<\/div>\n\t\t\t\t<\/div>\n\t\t        <section class=\"elementor-section elementor-top-section elementor-element elementor-element-3aa1187e elementor-section-boxed elementor-section-height-default elementor-section-height-default ct-header-fixed-none ct-column-none ct-row-scroll-none ct-section-smoke-none ct-section-particle-none\" data-id=\"3aa1187e\" data-element_type=\"section\" data-e-type=\"section\">\n            \n                        <div class=\"elementor-container elementor-column-gap-default \">\n                    <div class=\"elementor-column elementor-col-50 elementor-top-column elementor-element elementor-element-57216c47 ct-column-none\" data-id=\"57216c47\" data-element_type=\"column\" data-e-type=\"column\">\n        <div class=\"elementor-widget-wrap elementor-element-populated\">\n                    \n        \t\t<div class=\"elementor-element elementor-element-19f2e4a2 elementor-widget elementor-widget-ct_heading\" data-id=\"19f2e4a2\" data-element_type=\"widget\" data-e-type=\"widget\" data-widget_type=\"ct_heading.default\">\n\t\t\t\t<div class=\"elementor-widget-container\">\n\t\t\t\t\t<div class=\"ct-heading h-align-\">\r\n    \t    <h2 class=\"item--title case-animate-time st-default \" data-wow-delay=\"ms\">\r\n        <span class=\"slide-in-container\"><span class=\"d-inline-block wow case-fade-in-up\">\u00bfPor<\/span><\/span> <span class=\"slide-in-container\"><span class=\"d-inline-block wow case-fade-in-up\">qu\u00e9<\/span><\/span> <span class=\"slide-in-container\"><span class=\"d-inline-block wow case-fade-in-up\">Elegir<\/span><\/span> <span class=\"slide-in-container\"><span class=\"d-inline-block wow case-fade-in-up\"><\/span><\/span> <span class=\"slide-in-container\"><span class=\"d-inline-block wow case-fade-in-up\">el<\/span><\/span> <span class=\"slide-in-container\"><span class=\"d-inline-block wow case-fade-in-up\">Cabezal<\/span><\/span> <span class=\"slide-in-container\"><span class=\"d-inline-block wow case-fade-in-up\">Radial<\/span><\/span> <span class=\"slide-in-container\"><span class=\"d-inline-block wow case-fade-in-up\">para<\/span><\/span> <span class=\"slide-in-container\"><span class=\"d-inline-block wow case-fade-in-up\">Laminar<\/span><\/span> <span class=\"slide-in-container\"><span class=\"d-inline-block wow case-fade-in-up\">Roscas?<\/span><\/span>    <\/h2>\r\n<\/div>\t\t\t\t<\/div>\n\t\t\t\t<\/div>\n\t\t\t\t<div class=\"elementor-element elementor-element-54ffb7c2 elementor-widget elementor-widget-ct_text_editor\" data-id=\"54ffb7c2\" data-element_type=\"widget\" data-e-type=\"widget\" data-widget_type=\"ct_text_editor.default\">\n\t\t\t\t<div class=\"elementor-widget-container\">\n\t\t\t\t\t<div id=\"ct_text_editor-54ffb7c2\" class=\"ct-text-editor \" data-wow-delay=\"ms\">\n\t<div class=\"ct-inline-css\"  data-css=\"\n        \t\t\">\n\n    <\/div>\n\t<div class=\"ct-text-inner elementor-clearfix\">\n\t\t<h4><span style=\"color: #00ccff\">#<\/span> Larga Vida \u00datil<\/h4><p>Bajo costo con requerimientos m\u00ednimos de mantenimiento.<\/p>\t<\/div>\n<\/div>\t\t\t\t<\/div>\n\t\t\t\t<\/div>\n\t\t            <\/div>\n        <\/div>\n                <div class=\"elementor-column elementor-col-50 elementor-top-column elementor-element elementor-element-471f3ada ct-column-none\" data-id=\"471f3ada\" data-element_type=\"column\" data-e-type=\"column\">\n        <div class=\"elementor-widget-wrap elementor-element-populated\">\n                    \n        \t\t<div class=\"elementor-element elementor-element-34c30d2c elementor-widget elementor-widget-ct_fancy_box\" data-id=\"34c30d2c\" data-element_type=\"widget\" data-e-type=\"widget\" data-widget_type=\"ct_fancy_box.default\">\n\t\t\t\t<div class=\"elementor-widget-container\">\n\t\t\t\t\t<div class=\"ct-fancy-box ct-fancy-box-layout4 ct-flex-row \" data-wow-delay=\"ms\">\r\n    <div class=\"item--inner\">\r\n                                    <div class=\"item--meta style1 elementor-repeater-item-106cfc9\">\r\n                                            <div class=\"item--list--title\">\r\n                                                            <h5 class=\"item--sub--title\">\r\n                                    #                                <\/h5>\r\n                                                                                        <h5 class=\"item--title\">\r\n                                    Tiempo de Procesamiento Ultra Corto                                <\/h5>\r\n                                                    <\/div>\r\n                                                                <div class=\"item--description\">\r\n                            El proceso se completa con una sola rotaci\u00f3n del rodillo.                        <\/div>\r\n                                                                                                <\/div>\r\n                                                <div class=\"item--meta style1 elementor-repeater-item-e2d9509\">\r\n                                            <div class=\"item--list--title\">\r\n                                                            <h5 class=\"item--sub--title\">\r\n                                    #                                <\/h5>\r\n                                                                                        <h5 class=\"item--title\">\r\n                                    Sin Corte de Material                                <\/h5>\r\n                                                    <\/div>\r\n                                                                <div class=\"item--description\">\r\n                            Evita el desperdicio de material y elimina completamente la generaci\u00f3n de virutas.                        <\/div>\r\n                                                                                                <\/div>\r\n                        <\/div>\r\n<\/div>\t\t\t\t<\/div>\n\t\t\t\t<\/div>\n\t\t\t\t<div class=\"elementor-element elementor-element-5cb92efc elementor-widget elementor-widget-ct_fancy_box\" data-id=\"5cb92efc\" data-element_type=\"widget\" data-e-type=\"widget\" data-widget_type=\"ct_fancy_box.default\">\n\t\t\t\t<div class=\"elementor-widget-container\">\n\t\t\t\t\t<div class=\"ct-fancy-box ct-fancy-box-layout4 ct-flex-row \" data-wow-delay=\"ms\">\r\n    <div class=\"item--inner\">\r\n                                    <div class=\"item--meta style1 elementor-repeater-item-ca91999\">\r\n                                            <div class=\"item--list--title\">\r\n                                                            <h5 class=\"item--sub--title\">\r\n                                    #                                <\/h5>\r\n                                                                                        <h5 class=\"item--title\">\r\n                                    Precisi\u00f3n y Repetibilidad                                <\/h5>\r\n                                                    <\/div>\r\n                                                                <div class=\"item--description\">\r\n                            Proporciona roscas de alta calidad.                        <\/div>\r\n                                                                                                <\/div>\r\n                                                <div class=\"item--meta style1 elementor-repeater-item-30a992f\">\r\n                                            <div class=\"item--list--title\">\r\n                                                            <h5 class=\"item--sub--title\">\r\n                                    #                                <\/h5>\r\n                                                                                        <h5 class=\"item--title\">\r\n                                    Uso Vers\u00e1til                                <\/h5>\r\n                                                    <\/div>\r\n                                                                <div class=\"item--description\">\r\n                            F\u00e1cilmente aplicable en m\u00e1quinas est\u00e1ndar, autom\u00e1ticas y CNC.                        <\/div>\r\n                                                                                                <\/div>\r\n                        <\/div>\r\n<\/div>\t\t\t\t<\/div>\n\t\t\t\t<\/div>\n\t\t            <\/div>\n        <\/div>\n                    <\/div>\n        <\/section>\n        <div class=\"elementor-element elementor-element-5321a073 e-con-full e-flex e-con e-parent\" data-id=\"5321a073\" data-element_type=\"container\" data-e-type=\"container\">\n\t\t<div class=\"elementor-element elementor-element-4eee97ce e-con-full e-flex e-con e-child\" data-id=\"4eee97ce\" data-element_type=\"container\" data-e-type=\"container\">\n\t\t\t\t<div class=\"elementor-element elementor-element-53f5ca07 elementor-widget elementor-widget-ct_heading\" data-id=\"53f5ca07\" data-element_type=\"widget\" data-e-type=\"widget\" data-widget_type=\"ct_heading.default\">\n\t\t\t\t<div class=\"elementor-widget-container\">\n\t\t\t\t\t<div class=\"ct-heading h-align-\">\r\n    \t    <h4 class=\"item--title case-animate-time st-default \" data-wow-delay=\"ms\">\r\n        <span>\u00bfC\u00f3mo Funciona un Cabezal Radial para Laminar Roscas?<\/span>    <\/h4>\r\n<\/div>\t\t\t\t<\/div>\n\t\t\t\t<\/div>\n\t\t\t\t<\/div>\n\t\t\t\t<\/div>\n\t\t<div class=\"elementor-element elementor-element-7950f085 e-con-full e-flex e-con e-parent\" data-id=\"7950f085\" data-element_type=\"container\" data-e-type=\"container\">\n\t\t<div class=\"elementor-element elementor-element-7b006962 e-con-full e-flex e-con e-child\" data-id=\"7b006962\" data-element_type=\"container\" data-e-type=\"container\">\n\t\t\t\t<div class=\"elementor-element elementor-element-69a7a761 elementor-widget elementor-widget-ct_heading\" data-id=\"69a7a761\" data-element_type=\"widget\" data-e-type=\"widget\" data-widget_type=\"ct_heading.default\">\n\t\t\t\t<div class=\"elementor-widget-container\">\n\t\t\t\t\t<div class=\"ct-heading h-align-\">\r\n    \t    <h4 class=\"item--title case-animate-time st-default \" data-wow-delay=\"ms\">\r\n        <span>Laminado Radial<\/span>    <\/h4>\r\n<\/div>\t\t\t\t<\/div>\n\t\t\t\t<\/div>\n\t\t\t\t<div class=\"elementor-element elementor-element-7ea24729 elementor-widget elementor-widget-ct_text_editor\" data-id=\"7ea24729\" data-element_type=\"widget\" data-e-type=\"widget\" data-widget_type=\"ct_text_editor.default\">\n\t\t\t\t<div class=\"elementor-widget-container\">\n\t\t\t\t\t<div id=\"ct_text_editor-7ea24729\" class=\"ct-text-editor \" data-wow-delay=\"ms\">\n\t<div class=\"ct-inline-css\"  data-css=\"\n        \t\t\">\n\n    <\/div>\n\t<div class=\"ct-text-inner elementor-clearfix\">\n\t\t<p>Los rodillos se acercan radialmente a la pieza de trabajo.<\/p>\t<\/div>\n<\/div>\t\t\t\t<\/div>\n\t\t\t\t<\/div>\n\t\t\t\t<\/div>\n\t\t<div class=\"elementor-element elementor-element-1c764546 e-con-full e-flex e-con e-child\" data-id=\"1c764546\" data-element_type=\"container\" data-e-type=\"container\">\n\t\t\t\t<div class=\"elementor-element elementor-element-6372c818 elementor-widget elementor-widget-ct_heading\" data-id=\"6372c818\" data-element_type=\"widget\" data-e-type=\"widget\" data-widget_type=\"ct_heading.default\">\n\t\t\t\t<div class=\"elementor-widget-container\">\n\t\t\t\t\t<div class=\"ct-heading h-align-\">\r\n    \t    <h4 class=\"item--title case-animate-time st-default \" data-wow-delay=\"ms\">\r\n        <span>Formaci\u00f3n de la Rosca<\/span>    <\/h4>\r\n<\/div>\t\t\t\t<\/div>\n\t\t\t\t<\/div>\n\t\t\t\t<div class=\"elementor-element elementor-element-7d1684c9 elementor-widget elementor-widget-ct_text_editor\" data-id=\"7d1684c9\" data-element_type=\"widget\" data-e-type=\"widget\" data-widget_type=\"ct_text_editor.default\">\n\t\t\t\t<div class=\"elementor-widget-container\">\n\t\t\t\t\t<div id=\"ct_text_editor-7d1684c9\" class=\"ct-text-editor \" data-wow-delay=\"ms\">\n\t<div class=\"ct-inline-css\"  data-css=\"\n        \t\t\">\n\n    <\/div>\n\t<div class=\"ct-text-inner elementor-clearfix\">\n\t\t<p>Los rodillos comprimen la pieza de trabajo para formar la rosca.<\/p>\t<\/div>\n<\/div>\t\t\t\t<\/div>\n\t\t\t\t<\/div>\n\t\t\t\t<\/div>\n\t\t<div class=\"elementor-element elementor-element-47ff492a e-con-full e-flex e-con e-child\" data-id=\"47ff492a\" data-element_type=\"container\" data-e-type=\"container\">\n\t\t\t\t<div class=\"elementor-element elementor-element-83d2d2c elementor-widget elementor-widget-ct_heading\" data-id=\"83d2d2c\" data-element_type=\"widget\" data-e-type=\"widget\" data-widget_type=\"ct_heading.default\">\n\t\t\t\t<div class=\"elementor-widget-container\">\n\t\t\t\t\t<div class=\"ct-heading h-align-\">\r\n    \t    <h4 class=\"item--title case-animate-time st-default \" data-wow-delay=\"ms\">\r\n        <span>Proceso de Acabado<\/span>    <\/h4>\r\n<\/div>\t\t\t\t<\/div>\n\t\t\t\t<\/div>\n\t\t\t\t<div class=\"elementor-element elementor-element-281d7ee4 elementor-widget elementor-widget-ct_text_editor\" data-id=\"281d7ee4\" data-element_type=\"widget\" data-e-type=\"widget\" data-widget_type=\"ct_text_editor.default\">\n\t\t\t\t<div class=\"elementor-widget-container\">\n\t\t\t\t\t<div id=\"ct_text_editor-281d7ee4\" class=\"ct-text-editor \" data-wow-delay=\"ms\">\n\t<div class=\"ct-inline-css\"  data-css=\"\n        \t\t\">\n\n    <\/div>\n\t<div class=\"ct-text-inner elementor-clearfix\">\n\t\t<div class=\"flex-1 overflow-hidden @container\/thread translate-y-[1.5rem] -mt-[1.5rem] pb-[1.5rem]\"><div class=\"h-full\"><div class=\"react-scroll-to-bottom--css-ijnzn-79elbk h-full\"><div class=\"react-scroll-to-bottom--css-ijnzn-1n7m0yu\"><div class=\"flex flex-col text-sm\"><article class=\"w-full text-token-text-primary focus-visible:outline-2 focus-visible:outline-offset-[-4px]\" dir=\"auto\" data-testid=\"conversation-turn-13\" data-scroll-anchor=\"true\"><div class=\"m-auto text-base py-[18px] px-6\"><div class=\"mx-auto flex flex-1 gap-4 text-base md:gap-5 lg:gap-6 md:max-w-3xl\"><div class=\"group\/conversation-turn relative flex w-full min-w-0 flex-col agent-turn @xs\/thread:px-0 @sm\/thread:px-1.5 @md\/thread:px-4\"><div class=\"flex-col gap-1 md:gap-3\"><p>Las roscas se completan con una sola rotaci\u00f3n completa del rodillo.<\/p><\/div><\/div><\/div><\/div><\/article><\/div><\/div><\/div><\/div><\/div>\t<\/div>\n<\/div>\t\t\t\t<\/div>\n\t\t\t\t<\/div>\n\t\t\t\t<\/div>\n\t\t\t\t<\/div>\n\t\t<div class=\"elementor-element elementor-element-3e248e3 e-flex e-con-boxed e-con e-parent\" data-id=\"3e248e3\" data-element_type=\"container\" data-e-type=\"container\">\n\t\t\t\t\t<div class=\"e-con-inner\">\n\t\t<div class=\"elementor-element elementor-element-16961223 e-con-full e-flex e-con e-child\" data-id=\"16961223\" data-element_type=\"container\" data-e-type=\"container\">\n\t\t\t\t<div class=\"elementor-element elementor-element-7501e90b elementor-widget elementor-widget-ct_icon\" data-id=\"7501e90b\" data-element_type=\"widget\" data-e-type=\"widget\" data-widget_type=\"ct_icon.default\">\n\t\t\t\t<div class=\"elementor-widget-container\">\n\t\t\t\t\t    <div class=\"ct-icon1 icon-align-left \" data-wow-delay=\"ms\">\r\n                                    <a class=\"ct_icon-7501e90b-0\" >\r\n                    <i aria-hidden=\"true\" class=\"fas fa-tools\"><\/i>                                    <\/a>\r\n                        <\/div>\r\n\t\t\t\t<\/div>\n\t\t\t\t<\/div>\n\t\t\t\t<div class=\"elementor-element elementor-element-65ac2bed elementor-widget elementor-widget-ct_heading\" data-id=\"65ac2bed\" data-element_type=\"widget\" data-e-type=\"widget\" data-widget_type=\"ct_heading.default\">\n\t\t\t\t<div class=\"elementor-widget-container\">\n\t\t\t\t\t<div class=\"ct-heading h-align-\">\r\n    \t    <h4 class=\"item--title case-animate-time st-default \" data-wow-delay=\"ms\">\r\n        <span>Ventajas T\u00e9cnicas<\/span>    <\/h4>\r\n<\/div>\t\t\t\t<\/div>\n\t\t\t\t<\/div>\n\t\t\t\t<div class=\"elementor-element elementor-element-556bb914 elementor-widget elementor-widget-ct_list\" data-id=\"556bb914\" data-element_type=\"widget\" data-e-type=\"widget\" data-widget_type=\"ct_list.default\">\n\t\t\t\t<div class=\"elementor-widget-container\">\n\t\t\t\t\t    <div class=\"ct-list style-1\">\r\n                                    <div class=\"ct-list-item \" data-wow-delay=\"ms\">\r\n            \t<div class=\"ct-list-content\">\r\n                    \t            \t  Tiempos de Procesamiento Extremadamente Cortos (ej. 0,2 segundos).                    \t            <\/div>\r\n            <\/div>\r\n                    <div class=\"ct-list-item \" data-wow-delay=\"ms\">\r\n            \t<div class=\"ct-list-content\">\r\n                    \t            \t  Producci\u00f3n sencilla de roscas de peque\u00f1o di\u00e1metro.                    \t            <\/div>\r\n            <\/div>\r\n                    <div class=\"ct-list-item \" data-wow-delay=\"ms\">\r\n            \t<div class=\"ct-list-content\">\r\n                    \t            \t  Capacidad de Operaci\u00f3n a Altas Velocidades.                    \t            <\/div>\r\n            <\/div>\r\n                    <\/div>\r\n\t\t\t\t<\/div>\n\t\t\t\t<\/div>\n\t\t<div class=\"elementor-element elementor-element-7ae21f4c e-con-full e-flex e-con e-child\" data-id=\"7ae21f4c\" data-element_type=\"container\" data-e-type=\"container\">\n\t\t\t\t<\/div>\n\t\t\t\t<\/div>\n\t\t<div class=\"elementor-element elementor-element-3dd24a91 e-con-full e-flex e-con e-child\" data-id=\"3dd24a91\" data-element_type=\"container\" data-e-type=\"container\">\n\t\t\t\t<div class=\"elementor-element elementor-element-20f2bfe3 elementor-widget elementor-widget-ct_icon\" data-id=\"20f2bfe3\" data-element_type=\"widget\" data-e-type=\"widget\" data-widget_type=\"ct_icon.default\">\n\t\t\t\t<div class=\"elementor-widget-container\">\n\t\t\t\t\t    <div class=\"ct-icon1 icon-align-left \" data-wow-delay=\"ms\">\r\n                                    <a class=\"ct_icon-20f2bfe3-0\" >\r\n                    <i aria-hidden=\"true\" class=\"fas fa-industry\"><\/i>                                    <\/a>\r\n                        <\/div>\r\n\t\t\t\t<\/div>\n\t\t\t\t<\/div>\n\t\t\t\t<div class=\"elementor-element elementor-element-3ac79050 elementor-widget elementor-widget-ct_heading\" data-id=\"3ac79050\" data-element_type=\"widget\" data-e-type=\"widget\" data-widget_type=\"ct_heading.default\">\n\t\t\t\t<div class=\"elementor-widget-container\">\n\t\t\t\t\t<div class=\"ct-heading h-align-\">\r\n    \t    <h4 class=\"item--title case-animate-time st-default \" data-wow-delay=\"ms\">\r\n        <span>\u00c1reas de Aplicaci\u00f3n<\/span>    <\/h4>\r\n<\/div>\t\t\t\t<\/div>\n\t\t\t\t<\/div>\n\t\t\t\t<div class=\"elementor-element elementor-element-51274b1d elementor-widget elementor-widget-ct_list\" data-id=\"51274b1d\" data-element_type=\"widget\" data-e-type=\"widget\" data-widget_type=\"ct_list.default\">\n\t\t\t\t<div class=\"elementor-widget-container\">\n\t\t\t\t\t    <div class=\"ct-list style-1\">\r\n                                    <div class=\"ct-list-item \" data-wow-delay=\"ms\">\r\n            \t<div class=\"ct-list-content\">\r\n                    \t            \t  Roscado de peque\u00f1o y mediano di\u00e1metro.                    \t            <\/div>\r\n            <\/div>\r\n                    <div class=\"ct-list-item \" data-wow-delay=\"ms\">\r\n            \t<div class=\"ct-list-content\">\r\n                    \t            \t  Aplicaciones que requieren procesos de producci\u00f3n r\u00e1pida (ej. l\u00edneas de producci\u00f3n en serie).                    \t            <\/div>\r\n            <\/div>\r\n                    <div class=\"ct-list-item \" data-wow-delay=\"ms\">\r\n            \t<div class=\"ct-list-content\">\r\n                    \t            \t  M\u00e1quinas industriales y CNC.                    \t            <\/div>\r\n            <\/div>\r\n                    <\/div>\r\n\t\t\t\t<\/div>\n\t\t\t\t<\/div>\n\t\t<div class=\"elementor-element elementor-element-5e3b6d56 e-con-full e-flex e-con e-child\" data-id=\"5e3b6d56\" data-element_type=\"container\" data-e-type=\"container\">\n\t\t\t\t<\/div>\n\t\t\t\t<\/div>\n\t\t\t\t\t<\/div>\n\t\t\t\t<\/div>\n\t\t\t\t<\/div>\n\t\t","protected":false},"excerpt":{"rendered":"<p>M\u00e1xima Productividad en el Menor Tiempo Cabezales para Laminar Roscas Radiales El Cabezal Radial para Laminar Roscas es una herramienta dise\u00f1ada para la producci\u00f3n r\u00e1pida y sin arranque de viruta de tornillos de peque\u00f1o di\u00e1metro. Gracias al principio de movimiento radial, el proceso se completa con una sola rotaci\u00f3n del rodillo, maximizando la velocidad de [&hellip;]<\/p>\n","protected":false},"author":1,"featured_media":0,"parent":0,"menu_order":0,"comment_status":"closed","ping_status":"closed","template":"","meta":{"footnotes":""},"class_list":["post-22503","page","type-page","status-publish","hentry"],"_links":{"self":[{"href":"https:\/\/www.vabs.com\/es\/wp-json\/wp\/v2\/pages\/22503","targetHints":{"allow":["GET"]}}],"collection":[{"href":"https:\/\/www.vabs.com\/es\/wp-json\/wp\/v2\/pages"}],"about":[{"href":"https:\/\/www.vabs.com\/es\/wp-json\/wp\/v2\/types\/page"}],"author":[{"embeddable":true,"href":"https:\/\/www.vabs.com\/es\/wp-json\/wp\/v2\/users\/1"}],"replies":[{"embeddable":true,"href":"https:\/\/www.vabs.com\/es\/wp-json\/wp\/v2\/comments?post=22503"}],"version-history":[{"count":10,"href":"https:\/\/www.vabs.com\/es\/wp-json\/wp\/v2\/pages\/22503\/revisions"}],"predecessor-version":[{"id":22513,"href":"https:\/\/www.vabs.com\/es\/wp-json\/wp\/v2\/pages\/22503\/revisions\/22513"}],"wp:attachment":[{"href":"https:\/\/www.vabs.com\/es\/wp-json\/wp\/v2\/media?parent=22503"}],"curies":[{"name":"wp","href":"https:\/\/api.w.org\/{rel}","templated":true}]}}