{"id":22537,"date":"2025-01-07T13:27:38","date_gmt":"2025-01-07T13:27:38","guid":{"rendered":"https:\/\/www.vabs.com\/sss\/"},"modified":"2025-04-22T16:38:11","modified_gmt":"2025-04-22T16:38:11","slug":"faq","status":"publish","type":"page","link":"https:\/\/www.vabs.com\/es\/faq\/","title":{"rendered":"FAQ"},"content":{"rendered":"\t\t<div data-elementor-type=\"wp-page\" data-elementor-id=\"22537\" class=\"elementor elementor-22537 elementor-18908\">\n\t\t\t\t<div class=\"elementor-element elementor-element-163882d e-flex e-con-boxed e-con e-parent\" data-id=\"163882d\" data-element_type=\"container\" data-e-type=\"container\">\n\t\t\t\t\t<div class=\"e-con-inner\">\n\t\t<div class=\"elementor-element elementor-element-7913495 e-con-full e-flex e-con e-child\" data-id=\"7913495\" data-element_type=\"container\" data-e-type=\"container\">\n\t\t\t\t<div class=\"elementor-element elementor-element-0b190f3 elementor-widget elementor-widget-ct_heading\" data-id=\"0b190f3\" data-element_type=\"widget\" data-e-type=\"widget\" data-widget_type=\"ct_heading.default\">\n\t\t\t\t<div class=\"elementor-widget-container\">\n\t\t\t\t\t<div class=\"ct-heading h-align-\">\r\n    \t    <h2 class=\"item--title case-animate-time st-default \" data-wow-delay=\"ms\">\r\n        <span class=\"slide-in-container\"><span class=\"d-inline-block wow case-fade-in-up\">PREGUNTAS<\/span><\/span> <span class=\"slide-in-container\"><span class=\"d-inline-block wow case-fade-in-up\">FRECUENTES<\/span><\/span>    <\/h2>\r\n<\/div>\t\t\t\t<\/div>\n\t\t\t\t<\/div>\n\t\t\t\t<div class=\"elementor-element elementor-element-87792fd elementor-widget elementor-widget-ct_fancy_box\" data-id=\"87792fd\" data-element_type=\"widget\" data-e-type=\"widget\" data-widget_type=\"ct_fancy_box.default\">\n\t\t\t\t<div class=\"elementor-widget-container\">\n\t\t\t\t\t<div class=\"ct-fancy-box ct-fancy-box-layout5 \" data-wow-delay=\"ms\">\r\n    <div class=\"item--inner\">\r\n        <div class=\"item--meta\">\r\n                            <h4 class=\"item--title\">\r\n                    \u00bfQU\u00c9 PUEDE HACER CON VABS?                <\/h4>\r\n                                        <div class=\"item--description\">\r\n                    \u00bfQu\u00e9 sectores producen qu\u00e9 productos con VABS?                <\/div>\r\n                                        <div class=\"item--link\">\r\n                                            <a class=\"btn btn-style2\" href=\"https:\/\/www.vabs.com\/sektorler\/\">\r\n                            EJEMPLOS DE APLICACI\u00d3N                        <\/a>\r\n                                    <\/div>\r\n                                        <div class=\"ct-fancybox-image\">\r\n                                            <img fetchpriority=\"high\" decoding=\"async\" width=\"600\" height=\"245\" src=\"https:\/\/www.vabs.com\/wp-content\/uploads\/2022\/09\/fancybox-bg-04.png\" class=\"img-main attachment-full\" alt=\"\" \/>                                                                <img decoding=\"async\" width=\"539\" height=\"188\" src=\"https:\/\/www.vabs.com\/wp-content\/uploads\/2022\/09\/fancybox-bg-06.png\" class=\"img-hover attachment-full\" alt=\"\" \/>                                    <\/div>\r\n                    <\/div>\r\n    <\/div>\r\n<\/div>\t\t\t\t<\/div>\n\t\t\t\t<\/div>\n\t\t\t\t<\/div>\n\t\t<div class=\"elementor-element elementor-element-0c9f8ee e-con-full e-flex e-con e-child\" data-id=\"0c9f8ee\" data-element_type=\"container\" data-e-type=\"container\">\n\t\t\t\t<div class=\"elementor-element elementor-element-bfeacd7 elementor-widget elementor-widget-ct_accordion\" data-id=\"bfeacd7\" data-element_type=\"widget\" data-e-type=\"widget\" data-widget_type=\"ct_accordion.default\">\n\t\t\t\t<div class=\"elementor-widget-container\">\n\t\t\t\t\t    <div id=\"ct_accordion-bfeacd7\" class=\"ct-accordion layout1 style1\">\r\n                    <div class=\"ct-accordion-item  \">\r\n                <div class=\"ct-ac-title \" data-target=\"#c8f0b6dct_accordion-bfeacd7\">\r\n                    <a class=\"ct-ac-title-text\">\u00bfQu\u00e9 es el Cabezal para Laminar Roscas VABS?<\/a>\r\n                    <div class=\"ct-ac-button\">\r\n                        <div class=\"ct-ac-icon\"><i class=\"fal fa-angle-down\"><\/i><\/div>\r\n                    <\/div>\r\n                <\/div>\r\n                <div id=\"c8f0b6dct_accordion-bfeacd7\" class=\"ct-ac-content\">El Cabezal para Laminar Roscas VABS es una herramienta que suaviza las superficies de las roscas de los tornillos, proporcionando un mejor rendimiento y una mayor durabilidad.<\/div>\r\n            <\/div>\r\n                    <div class=\"ct-accordion-item  active\">\r\n                <div class=\"ct-ac-title active\" data-target=\"#f836364ct_accordion-bfeacd7\">\r\n                    <a class=\"ct-ac-title-text\">\u00bfCu\u00e1les son las ventajas del cabezal para laminar roscas?<\/a>\r\n                    <div class=\"ct-ac-button\">\r\n                        <div class=\"ct-ac-icon\"><i class=\"fal fa-angle-down\"><\/i><\/div>\r\n                    <\/div>\r\n                <\/div>\r\n                <div id=\"f836364ct_accordion-bfeacd7\" class=\"ct-ac-content\" style=\"display:block;\">Las herramientas de laminado de roscas ofrecen numerosas ventajas, como alta precisi\u00f3n, calidad superior de la superficie, mayor eficiencia y procesos de producci\u00f3n ecol\u00f3gicos. Adem\u00e1s, reducen los costos de producci\u00f3n y aumentan la durabilidad.<\/div>\r\n            <\/div>\r\n                    <div class=\"ct-accordion-item  \">\r\n                <div class=\"ct-ac-title \" data-target=\"#33b21b2ct_accordion-bfeacd7\">\r\n                    <a class=\"ct-ac-title-text\">\u00bfC\u00f3mo funciona un cabezal para laminar roscas?<\/a>\r\n                    <div class=\"ct-ac-button\">\r\n                        <div class=\"ct-ac-icon\"><i class=\"fal fa-angle-down\"><\/i><\/div>\r\n                    <\/div>\r\n                <\/div>\r\n                <div id=\"33b21b2ct_accordion-bfeacd7\" class=\"ct-ac-content\">El cabezal funciona al laminar con precisi\u00f3n las superficies de las roscas de los tornillos, eliminando las irregularidades y creando una superficie lisa.<\/div>\r\n            <\/div>\r\n                    <div class=\"ct-accordion-item  \">\r\n                <div class=\"ct-ac-title \" data-target=\"#f643096ct_accordion-bfeacd7\">\r\n                    <a class=\"ct-ac-title-text\">\u00bfEn qu\u00e9 materiales puedo utilizar el cabezal para laminar roscas?<\/a>\r\n                    <div class=\"ct-ac-button\">\r\n                        <div class=\"ct-ac-icon\"><i class=\"fal fa-angle-down\"><\/i><\/div>\r\n                    <\/div>\r\n                <\/div>\r\n                <div id=\"f643096ct_accordion-bfeacd7\" class=\"ct-ac-content\">Nuestra herramienta puede utilizarse de manera efectiva en acero, aluminio, acero inoxidable y otras aleaciones met\u00e1licas.<\/div>\r\n            <\/div>\r\n            <\/div>\r\n\t\t\t\t<\/div>\n\t\t\t\t<\/div>\n\t\t\t\t<\/div>\n\t\t\t\t\t<\/div>\n\t\t\t\t<\/div>\n\t\t\t\t<\/div>\n\t\t","protected":false},"excerpt":{"rendered":"<p>PREGUNTAS FRECUENTES \u00bfQU\u00c9 PUEDE HACER CON VABS? \u00bfQu\u00e9 sectores producen qu\u00e9 productos con VABS? EJEMPLOS DE APLICACI\u00d3N \u00bfQu\u00e9 es el Cabezal para Laminar Roscas VABS? El Cabezal para Laminar Roscas VABS es una herramienta que suaviza las superficies de las roscas de los tornillos, proporcionando un mejor rendimiento y una mayor durabilidad. \u00bfCu\u00e1les son las [&hellip;]<\/p>\n","protected":false},"author":1,"featured_media":0,"parent":0,"menu_order":0,"comment_status":"closed","ping_status":"closed","template":"","meta":{"footnotes":""},"class_list":["post-22537","page","type-page","status-publish","hentry"],"_links":{"self":[{"href":"https:\/\/www.vabs.com\/es\/wp-json\/wp\/v2\/pages\/22537","targetHints":{"allow":["GET"]}}],"collection":[{"href":"https:\/\/www.vabs.com\/es\/wp-json\/wp\/v2\/pages"}],"about":[{"href":"https:\/\/www.vabs.com\/es\/wp-json\/wp\/v2\/types\/page"}],"author":[{"embeddable":true,"href":"https:\/\/www.vabs.com\/es\/wp-json\/wp\/v2\/users\/1"}],"replies":[{"embeddable":true,"href":"https:\/\/www.vabs.com\/es\/wp-json\/wp\/v2\/comments?post=22537"}],"version-history":[{"count":4,"href":"https:\/\/www.vabs.com\/es\/wp-json\/wp\/v2\/pages\/22537\/revisions"}],"predecessor-version":[{"id":22542,"href":"https:\/\/www.vabs.com\/es\/wp-json\/wp\/v2\/pages\/22537\/revisions\/22542"}],"wp:attachment":[{"href":"https:\/\/www.vabs.com\/es\/wp-json\/wp\/v2\/media?parent=22537"}],"curies":[{"name":"wp","href":"https:\/\/api.w.org\/{rel}","templated":true}]}}