{"id":22543,"date":"2025-01-07T13:10:06","date_gmt":"2025-01-07T13:10:06","guid":{"rendered":"https:\/\/www.vabs.com\/tornalama-basliklari\/"},"modified":"2025-04-22T16:49:46","modified_gmt":"2025-04-22T16:49:46","slug":"cabezales-de-torneado","status":"publish","type":"page","link":"https:\/\/www.vabs.com\/es\/cabezales-de-torneado\/","title":{"rendered":"Cabezales de Torneado"},"content":{"rendered":"\t\t<div data-elementor-type=\"wp-page\" data-elementor-id=\"22543\" class=\"elementor elementor-22543 elementor-18859\">\n\t\t\t\t<div class=\"elementor-element elementor-element-54df84f3 e-con-full e-flex e-con e-parent\" data-id=\"54df84f3\" data-element_type=\"container\" data-e-type=\"container\">\n\t\t<div class=\"elementor-element elementor-element-72c2f541 e-con-full e-flex e-con e-child\" data-id=\"72c2f541\" data-element_type=\"container\" data-e-type=\"container\">\n\t\t\t\t<div class=\"elementor-element elementor-element-5f0fbd28 elementor-widget elementor-widget-ct_heading\" data-id=\"5f0fbd28\" data-element_type=\"widget\" data-e-type=\"widget\" data-widget_type=\"ct_heading.default\">\n\t\t\t\t<div class=\"elementor-widget-container\">\n\t\t\t\t\t<div class=\"ct-heading h-align-\">\r\n    \t    <h2 class=\"item--title case-animate-time st-default \" data-wow-delay=\"ms\">\r\n        <span>CABEZALES DE TORNEADO<\/span>    <\/h2>\r\n<\/div>\t\t\t\t<\/div>\n\t\t\t\t<\/div>\n\t\t\t\t<div class=\"elementor-element elementor-element-468fb8f elementor-widget elementor-widget-ct_text_editor\" data-id=\"468fb8f\" data-element_type=\"widget\" data-e-type=\"widget\" data-widget_type=\"ct_text_editor.default\">\n\t\t\t\t<div class=\"elementor-widget-container\">\n\t\t\t\t\t<div id=\"ct_text_editor-468fb8f\" class=\"ct-text-editor \" data-wow-delay=\"ms\">\n\t<div class=\"ct-inline-css\"  data-css=\"\n        \t\t\">\n\n    <\/div>\n\t<div class=\"ct-text-inner elementor-clearfix\">\n\t\t<p>Los Cabezales de Torneado VABS son una soluci\u00f3n utilizada para el torneado r\u00e1pido y preciso de materiales redondos, prepar\u00e1ndolos para el laminado de roscas. Los materiales del eje se tornean r\u00e1pidamente utilizando puntas de diamante en el dispositivo de torneado y se completa el proceso de chaflanado. Estos dispositivos ofrecen soluciones que van desde 5 mm hasta 60 mm.<\/p>\t<\/div>\n<\/div>\t\t\t\t<\/div>\n\t\t\t\t<\/div>\n\t\t\t\t<\/div>\n\t\t<div class=\"elementor-element elementor-element-337ffae7 e-con-full e-flex e-con e-child\" data-id=\"337ffae7\" data-element_type=\"container\" data-e-type=\"container\">\n\t\t\t\t<div class=\"elementor-element elementor-element-5fc1a641 elementor-widget elementor-widget-ct_image\" data-id=\"5fc1a641\" data-element_type=\"widget\" data-e-type=\"widget\" data-widget_type=\"ct_image.default\">\n\t\t\t\t<div class=\"elementor-widget-container\">\n\t\t\t\t\t<div class=\"ct-image-single style-zoom   \" data-width=\"\" data-height=\"\">\r\n                        <img fetchpriority=\"high\" decoding=\"async\" width=\"650\" height=\"495\" src=\"https:\/\/www.vabs.com\/wp-content\/uploads\/2025\/01\/tornolama_basligi.png\" class=\"attachment-full\" alt=\"\" \/>            <\/div>\t\t\t\t<\/div>\n\t\t\t\t<\/div>\n\t\t\t\t<\/div>\n\t\t\t\t<\/div>\n\t\t        <section class=\"elementor-section elementor-top-section elementor-element elementor-element-2364ac2d elementor-section-boxed elementor-section-height-default elementor-section-height-default ct-header-fixed-none ct-column-none ct-row-scroll-none ct-section-smoke-none ct-section-particle-none\" data-id=\"2364ac2d\" data-element_type=\"section\" data-e-type=\"section\">\n            \n                        <div class=\"elementor-container elementor-column-gap-default \">\n                    <div class=\"elementor-column elementor-col-50 elementor-top-column elementor-element elementor-element-5121f180 ct-column-none\" data-id=\"5121f180\" data-element_type=\"column\" data-e-type=\"column\">\n        <div class=\"elementor-widget-wrap elementor-element-populated\">\n                    \n        \t\t<div class=\"elementor-element elementor-element-686c8d elementor-widget elementor-widget-ct_heading\" data-id=\"686c8d\" data-element_type=\"widget\" data-e-type=\"widget\" data-widget_type=\"ct_heading.default\">\n\t\t\t\t<div class=\"elementor-widget-container\">\n\t\t\t\t\t<div class=\"ct-heading h-align-\">\r\n    \t    <h2 class=\"item--title case-animate-time st-default \" data-wow-delay=\"ms\">\r\n        <span class=\"slide-in-container\"><span class=\"d-inline-block wow case-fade-in-up\">Caracter\u00edsticas<\/span><\/span> <span class=\"slide-in-container\"><span class=\"d-inline-block wow case-fade-in-up\">Claves<\/span><\/span> <span class=\"slide-in-container\"><span class=\"d-inline-block wow case-fade-in-up\">de<\/span><\/span> <span class=\"slide-in-container\"><span class=\"d-inline-block wow case-fade-in-up\">los<\/span><\/span> <span class=\"slide-in-container\"><span class=\"d-inline-block wow case-fade-in-up\">Cabezales<\/span><\/span> <span class=\"slide-in-container\"><span class=\"d-inline-block wow case-fade-in-up\">de<\/span><\/span> <span class=\"slide-in-container\"><span class=\"d-inline-block wow case-fade-in-up\">Torneado<\/span><\/span>    <\/h2>\r\n<\/div>\t\t\t\t<\/div>\n\t\t\t\t<\/div>\n\t\t\t\t<div class=\"elementor-element elementor-element-f1f0b1b elementor-widget elementor-widget-ct_text_editor\" data-id=\"f1f0b1b\" data-element_type=\"widget\" data-e-type=\"widget\" data-widget_type=\"ct_text_editor.default\">\n\t\t\t\t<div class=\"elementor-widget-container\">\n\t\t\t\t\t<div id=\"ct_text_editor-f1f0b1b\" class=\"ct-text-editor \" data-wow-delay=\"ms\">\n\t<div class=\"ct-inline-css\"  data-css=\"\n        \t\t\">\n\n    <\/div>\n\t<div class=\"ct-text-inner elementor-clearfix\">\n\t\t<h4><span style=\"color: #00ccff\">#<\/span> Proceso de Producci\u00f3n R\u00e1pido<\/h4><p>Dise\u00f1ado para operaciones de torneado de alta precisi\u00f3n y 4 veces m\u00e1s r\u00e1pidas, lo que lo convierte en una soluci\u00f3n ideal.<\/p>\t<\/div>\n<\/div>\t\t\t\t<\/div>\n\t\t\t\t<\/div>\n\t\t            <\/div>\n        <\/div>\n                <div class=\"elementor-column elementor-col-50 elementor-top-column elementor-element elementor-element-19bc8f4e ct-column-none\" data-id=\"19bc8f4e\" data-element_type=\"column\" data-e-type=\"column\">\n        <div class=\"elementor-widget-wrap elementor-element-populated\">\n                    \n        \t\t<div class=\"elementor-element elementor-element-675c7be0 elementor-widget elementor-widget-ct_fancy_box\" data-id=\"675c7be0\" data-element_type=\"widget\" data-e-type=\"widget\" data-widget_type=\"ct_fancy_box.default\">\n\t\t\t\t<div class=\"elementor-widget-container\">\n\t\t\t\t\t<div class=\"ct-fancy-box ct-fancy-box-layout4 ct-flex-row \" data-wow-delay=\"ms\">\r\n    <div class=\"item--inner\">\r\n                                    <div class=\"item--meta style1 elementor-repeater-item-106cfc9\">\r\n                                            <div class=\"item--list--title\">\r\n                                                            <h5 class=\"item--sub--title\">\r\n                                    #                                <\/h5>\r\n                                                                                        <h5 class=\"item--title\">\r\n                                    Dise\u00f1o Preciso                                <\/h5>\r\n                                                    <\/div>\r\n                                                                <div class=\"item--description\">\r\n                            Nuestros cabezales de torneado, que proporcionan una alta precisi\u00f3n, est\u00e1n dise\u00f1ados para procesar piezas de trabajo complejas.                        <\/div>\r\n                                                                                                <\/div>\r\n                                                <div class=\"item--meta style1 elementor-repeater-item-e2d9509\">\r\n                                            <div class=\"item--list--title\">\r\n                                                            <h5 class=\"item--sub--title\">\r\n                                    #                                <\/h5>\r\n                                                                                        <h5 class=\"item--title\">\r\n                                    Materiales Duraderos                                <\/h5>\r\n                                                    <\/div>\r\n                                                                <div class=\"item--description\">\r\n                            Nuestros cabezales de torneado, fabricados con materiales resistentes, est\u00e1n dise\u00f1ados para ofrecer alta precisi\u00f3n y son ideales para mecanizar piezas de trabajo intrincadas.                        <\/div>\r\n                                                                                                <\/div>\r\n                        <\/div>\r\n<\/div>\t\t\t\t<\/div>\n\t\t\t\t<\/div>\n\t\t\t\t<div class=\"elementor-element elementor-element-fc57a87 elementor-widget elementor-widget-ct_fancy_box\" data-id=\"fc57a87\" data-element_type=\"widget\" data-e-type=\"widget\" data-widget_type=\"ct_fancy_box.default\">\n\t\t\t\t<div class=\"elementor-widget-container\">\n\t\t\t\t\t<div class=\"ct-fancy-box ct-fancy-box-layout4 ct-flex-row \" data-wow-delay=\"ms\">\r\n    <div class=\"item--inner\">\r\n                                    <div class=\"item--meta style1 elementor-repeater-item-ca91999\">\r\n                                            <div class=\"item--list--title\">\r\n                                                            <h5 class=\"item--sub--title\">\r\n                                    #                                <\/h5>\r\n                                                                                        <h5 class=\"item--title\">\r\n                                    Flexibilidad de Uso                                <\/h5>\r\n                                                    <\/div>\r\n                                                                <div class=\"item--description\">\r\n                            Puede utilizarse en una amplia gama de m\u00e1quinas, desde tornos manuales hasta m\u00e1quinas CNC.                        <\/div>\r\n                                                                                                <\/div>\r\n                                                <div class=\"item--meta style1 elementor-repeater-item-30a992f\">\r\n                                            <div class=\"item--list--title\">\r\n                                                            <h5 class=\"item--sub--title\">\r\n                                    #                                <\/h5>\r\n                                                                                        <h5 class=\"item--title\">\r\n                                    Estructura Modular                                <\/h5>\r\n                                                    <\/div>\r\n                                                                <div class=\"item--description\">\r\n                            Nuestros cabezales est\u00e1n dise\u00f1ados para adaptarse f\u00e1cilmente a diferentes requisitos de mecanizado.                        <\/div>\r\n                                                                                                <\/div>\r\n                        <\/div>\r\n<\/div>\t\t\t\t<\/div>\n\t\t\t\t<\/div>\n\t\t            <\/div>\n        <\/div>\n                    <\/div>\n        <\/section>\n        <div class=\"elementor-element elementor-element-16b7370d e-con-full e-flex e-con e-parent\" data-id=\"16b7370d\" data-element_type=\"container\" data-e-type=\"container\">\n\t\t<div class=\"elementor-element elementor-element-ebda104 e-con-full e-flex e-con e-child\" data-id=\"ebda104\" data-element_type=\"container\" data-e-type=\"container\">\n\t\t\t\t<div class=\"elementor-element elementor-element-57bdfc5d elementor-widget elementor-widget-ct_icon\" data-id=\"57bdfc5d\" data-element_type=\"widget\" data-e-type=\"widget\" data-widget_type=\"ct_icon.default\">\n\t\t\t\t<div class=\"elementor-widget-container\">\n\t\t\t\t\t    <div class=\"ct-icon1 icon-align-left \" data-wow-delay=\"ms\">\r\n                                    <a class=\"ct_icon-57bdfc5d-0\" >\r\n                    <i aria-hidden=\"true\" class=\"fas fa-tools\"><\/i>                                    <\/a>\r\n                        <\/div>\r\n\t\t\t\t<\/div>\n\t\t\t\t<\/div>\n\t\t\t\t<div class=\"elementor-element elementor-element-4b2db72 elementor-widget elementor-widget-ct_heading\" data-id=\"4b2db72\" data-element_type=\"widget\" data-e-type=\"widget\" data-widget_type=\"ct_heading.default\">\n\t\t\t\t<div class=\"elementor-widget-container\">\n\t\t\t\t\t<div class=\"ct-heading h-align-\">\r\n    \t    <h4 class=\"item--title case-animate-time st-default \" data-wow-delay=\"ms\">\r\n        <span>\u00c1reas de Aplicaci\u00f3n<\/span>    <\/h4>\r\n<\/div>\t\t\t\t<\/div>\n\t\t\t\t<\/div>\n\t\t\t\t<div class=\"elementor-element elementor-element-425cbd8d elementor-widget elementor-widget-ct_list\" data-id=\"425cbd8d\" data-element_type=\"widget\" data-e-type=\"widget\" data-widget_type=\"ct_list.default\">\n\t\t\t\t<div class=\"elementor-widget-container\">\n\t\t\t\t\t    <div class=\"ct-list style-1\">\r\n                                    <div class=\"ct-list-item \" data-wow-delay=\"ms\">\r\n            \t<div class=\"ct-list-content\">\r\n                    \t            \t  Procesamiento de Piezas de Precisi\u00f3n: Ideal para piezas de automoci\u00f3n de gran volumen, ejes de pist\u00f3n hidr\u00e1ulicos y neum\u00e1ticos, y todas las aplicaciones que requieran precisi\u00f3n.                    \t            <\/div>\r\n            <\/div>\r\n                    <div class=\"ct-list-item \" data-wow-delay=\"ms\">\r\n            \t<div class=\"ct-list-content\">\r\n                    \t            \t  Piezas de Gran Di\u00e1metro: Proporciona excelentes resultados en el torneado de grandes componentes utilizados en la industria pesada y el sector energ\u00e9tico.                    \t            <\/div>\r\n            <\/div>\r\n                    <div class=\"ct-list-item \" data-wow-delay=\"ms\">\r\n            \t<div class=\"ct-list-content\">\r\n                    \t            \t  Geometr\u00edas de Piezas Complejas: Optimizado especialmente para el procesamiento r\u00e1pido y preciso de piezas de trabajo con perfiles complejos.                    \t            <\/div>\r\n            <\/div>\r\n                    <div class=\"ct-list-item \" data-wow-delay=\"ms\">\r\n            \t<div class=\"ct-list-content\">\r\n                    \t            \t  Automoci\u00f3n y Aeroespacial: Utilizado en aplicaciones de alta precisi\u00f3n, como piezas de automoci\u00f3n y ejes de pist\u00f3n hidr\u00e1ulicos y neum\u00e1ticos.                    \t            <\/div>\r\n            <\/div>\r\n                    <\/div>\r\n\t\t\t\t<\/div>\n\t\t\t\t<\/div>\n\t\t\t\t<\/div>\n\t\t<div class=\"elementor-element elementor-element-38749b84 e-con-full e-flex e-con e-child\" data-id=\"38749b84\" data-element_type=\"container\" data-e-type=\"container\">\n\t\t\t\t<div class=\"elementor-element elementor-element-4ff5988a elementor-widget elementor-widget-ct_icon\" data-id=\"4ff5988a\" data-element_type=\"widget\" data-e-type=\"widget\" data-widget_type=\"ct_icon.default\">\n\t\t\t\t<div class=\"elementor-widget-container\">\n\t\t\t\t\t    <div class=\"ct-icon1 icon-align-left \" data-wow-delay=\"ms\">\r\n                                    <a class=\"ct_icon-4ff5988a-0\" >\r\n                    <i aria-hidden=\"true\" class=\"fas fa-industry\"><\/i>                                    <\/a>\r\n                        <\/div>\r\n\t\t\t\t<\/div>\n\t\t\t\t<\/div>\n\t\t\t\t<div class=\"elementor-element elementor-element-52c48676 elementor-widget elementor-widget-ct_heading\" data-id=\"52c48676\" data-element_type=\"widget\" data-e-type=\"widget\" data-widget_type=\"ct_heading.default\">\n\t\t\t\t<div class=\"elementor-widget-container\">\n\t\t\t\t\t<div class=\"ct-heading h-align-\">\r\n    \t    <h4 class=\"item--title case-animate-time st-default \" data-wow-delay=\"ms\">\r\n        <span>Nuestras Ventajas<\/span>    <\/h4>\r\n<\/div>\t\t\t\t<\/div>\n\t\t\t\t<\/div>\n\t\t\t\t<div class=\"elementor-element elementor-element-6ec626d2 elementor-widget elementor-widget-ct_list\" data-id=\"6ec626d2\" data-element_type=\"widget\" data-e-type=\"widget\" data-widget_type=\"ct_list.default\">\n\t\t\t\t<div class=\"elementor-widget-container\">\n\t\t\t\t\t    <div class=\"ct-list style-1\">\r\n                                    <div class=\"ct-list-item \" data-wow-delay=\"ms\">\r\n            \t<div class=\"ct-list-content\">\r\n                    \t            \t  Alta Eficiencia: Nuestros cabezales de torneado reducen los tiempos de mecanizado, aumentando la eficiencia de producci\u00f3n.                    \t            <\/div>\r\n            <\/div>\r\n                    <div class=\"ct-list-item \" data-wow-delay=\"ms\">\r\n            \t<div class=\"ct-list-content\">\r\n                    \t            \t  Control de Virutas: Gracias a su dise\u00f1o optimizado, facilita el flujo de virutas y garantiza la limpieza durante el mecanizado.                    \t            <\/div>\r\n            <\/div>\r\n                    <div class=\"ct-list-item \" data-wow-delay=\"ms\">\r\n            \t<div class=\"ct-list-content\">\r\n                    \t            \t  Bajo Mantenimiento: Su estructura robusta requiere menos mantenimiento y ofrece un alto rendimiento a lo largo de su vida \u00fatil.                    \t            <\/div>\r\n            <\/div>\r\n                    <div class=\"ct-list-item \" data-wow-delay=\"ms\">\r\n            \t<div class=\"ct-list-content\">\r\n                    \t            \t  Soluciones Personalizadas: Dise\u00f1amos cabezales de torneado adaptados a sus proyectos, asegurando una alineaci\u00f3n perfecta con sus necesidades de producci\u00f3n.                    \t            <\/div>\r\n            <\/div>\r\n                    <\/div>\r\n\t\t\t\t<\/div>\n\t\t\t\t<\/div>\n\t\t\t\t<\/div>\n\t\t\t\t<\/div>\n\t\t<div class=\"elementor-element elementor-element-30d75b1 e-con-full e-flex e-con e-parent\" data-id=\"30d75b1\" data-element_type=\"container\" data-e-type=\"container\">\n\t\t<div class=\"elementor-element elementor-element-9963530 e-con-full e-flex e-con e-child\" data-id=\"9963530\" data-element_type=\"container\" data-e-type=\"container\">\n\t\t\t\t<div class=\"elementor-element elementor-element-d1361a9 elementor-widget elementor-widget-ct_heading\" data-id=\"d1361a9\" data-element_type=\"widget\" data-e-type=\"widget\" data-widget_type=\"ct_heading.default\">\n\t\t\t\t<div class=\"elementor-widget-container\">\n\t\t\t\t\t<div class=\"ct-heading h-align-\">\r\n    \t    <h4 class=\"item--title case-animate-time st-default \" data-wow-delay=\"ms\">\r\n        <span>Soluciones Personalizadas para Usted<\/span>    <\/h4>\r\n<\/div>\t\t\t\t<\/div>\n\t\t\t\t<\/div>\n\t\t\t\t<div class=\"elementor-element elementor-element-d1930aa elementor-widget elementor-widget-ct_text_editor\" data-id=\"d1930aa\" data-element_type=\"widget\" data-e-type=\"widget\" data-widget_type=\"ct_text_editor.default\">\n\t\t\t\t<div class=\"elementor-widget-container\">\n\t\t\t\t\t<div id=\"ct_text_editor-d1930aa\" class=\"ct-text-editor \" data-wow-delay=\"ms\">\n\t<div class=\"ct-inline-css\"  data-css=\"\n        \t\t\">\n\n    <\/div>\n\t<div class=\"ct-text-inner elementor-clearfix\">\n\t\t<p>VABS ofrece procesos de dise\u00f1o y fabricaci\u00f3n flexibles para satisfacer las necesidades espec\u00edficas de nuestros clientes. Nuestros cabezales de torneado proporcionan un alto rendimiento y fiabilidad tanto para aplicaciones est\u00e1ndar como para proyectos personalizados.<\/p>\t<\/div>\n<\/div>\t\t\t\t<\/div>\n\t\t\t\t<\/div>\n\t\t\t\t<div class=\"elementor-element elementor-element-5009ed4 elementor-widget elementor-widget-ct_heading\" data-id=\"5009ed4\" data-element_type=\"widget\" data-e-type=\"widget\" data-widget_type=\"ct_heading.default\">\n\t\t\t\t<div class=\"elementor-widget-container\">\n\t\t\t\t\t<div class=\"ct-heading h-align-\">\r\n    \t\t\t<div class=\"item--sub-title\">\r\n            <span>Detalles Adicionales<\/span>\r\n        <\/div>\r\n\t    <p class=\"item--title case-animate-time st-default \" data-wow-delay=\"ms\">\r\n        <span>Para obtener m\u00e1s informaci\u00f3n sobre la fabricaci\u00f3n de nuestros cabezales de torneado, cont\u00e1ctenos. Nuestro equipo de ingenieros expertos est\u00e1 listo para proporcionarle la soluci\u00f3n m\u00e1s adecuada.<\/span>    <\/p>\r\n<\/div>\t\t\t\t<\/div>\n\t\t\t\t<\/div>\n\t\t\t\t<\/div>\n\t\t\t\t<\/div>\n\t\t\t\t<\/div>\n\t\t","protected":false},"excerpt":{"rendered":"<p>CABEZALES DE TORNEADO Los Cabezales de Torneado VABS son una soluci\u00f3n utilizada para el torneado r\u00e1pido y preciso de materiales redondos, prepar\u00e1ndolos para el laminado de roscas. Los materiales del eje se tornean r\u00e1pidamente utilizando puntas de diamante en el dispositivo de torneado y se completa el proceso de chaflanado. Estos dispositivos ofrecen soluciones que [&hellip;]<\/p>\n","protected":false},"author":1,"featured_media":0,"parent":0,"menu_order":0,"comment_status":"closed","ping_status":"closed","template":"","meta":{"footnotes":""},"class_list":["post-22543","page","type-page","status-publish","hentry"],"_links":{"self":[{"href":"https:\/\/www.vabs.com\/es\/wp-json\/wp\/v2\/pages\/22543","targetHints":{"allow":["GET"]}}],"collection":[{"href":"https:\/\/www.vabs.com\/es\/wp-json\/wp\/v2\/pages"}],"about":[{"href":"https:\/\/www.vabs.com\/es\/wp-json\/wp\/v2\/types\/page"}],"author":[{"embeddable":true,"href":"https:\/\/www.vabs.com\/es\/wp-json\/wp\/v2\/users\/1"}],"replies":[{"embeddable":true,"href":"https:\/\/www.vabs.com\/es\/wp-json\/wp\/v2\/comments?post=22543"}],"version-history":[{"count":4,"href":"https:\/\/www.vabs.com\/es\/wp-json\/wp\/v2\/pages\/22543\/revisions"}],"predecessor-version":[{"id":22547,"href":"https:\/\/www.vabs.com\/es\/wp-json\/wp\/v2\/pages\/22543\/revisions\/22547"}],"wp:attachment":[{"href":"https:\/\/www.vabs.com\/es\/wp-json\/wp\/v2\/media?parent=22543"}],"curies":[{"name":"wp","href":"https:\/\/api.w.org\/{rel}","templated":true}]}}