{"id":22568,"date":"2025-01-07T13:08:56","date_gmt":"2025-01-07T13:08:56","guid":{"rendered":"https:\/\/www.vabs.com\/download\/"},"modified":"2025-04-22T18:47:02","modified_gmt":"2025-04-22T18:47:02","slug":"descargas","status":"publish","type":"page","link":"https:\/\/www.vabs.com\/es\/descargas\/","title":{"rendered":"Descargas"},"content":{"rendered":"\t\t<div data-elementor-type=\"wp-page\" data-elementor-id=\"22568\" class=\"elementor elementor-22568 elementor-18852\">\n\t\t\t\t<div class=\"elementor-element elementor-element-1dda7c2 e-flex e-con-boxed e-con e-parent\" data-id=\"1dda7c2\" data-element_type=\"container\" data-e-type=\"container\">\n\t\t\t\t\t<div class=\"e-con-inner\">\n\t\t<div class=\"elementor-element elementor-element-f83e937 e-con-full e-flex e-con e-child\" data-id=\"f83e937\" data-element_type=\"container\" data-e-type=\"container\">\n\t\t\t\t<div class=\"elementor-element elementor-element-1c73f2b elementor-widget elementor-widget-ct_image\" data-id=\"1c73f2b\" data-element_type=\"widget\" data-e-type=\"widget\" data-widget_type=\"ct_image.default\">\n\t\t\t\t<div class=\"elementor-widget-container\">\n\t\t\t\t\t<div class=\"ct-image-single style-zoom   \" data-width=\"\" data-height=\"\">\r\n            <a href=\"https:\/\/www.vabs.com\/wp-content\/uploads\/2025\/01\/VABS-2024.pdf\">            <img fetchpriority=\"high\" decoding=\"async\" width=\"400\" height=\"566\" src=\"https:\/\/www.vabs.com\/wp-content\/uploads\/2025\/01\/vabs_catalog.png\" class=\"attachment-full\" alt=\"\" \/>        <\/a>    <\/div>\t\t\t\t<\/div>\n\t\t\t\t<\/div>\n\t\t\t\t<\/div>\n\t\t<div class=\"elementor-element elementor-element-29a68a9 e-con-full e-flex e-con e-child\" data-id=\"29a68a9\" data-element_type=\"container\" data-e-type=\"container\">\n\t\t\t\t<div class=\"elementor-element elementor-element-ff207c1 elementor-widget elementor-widget-ct_image\" data-id=\"ff207c1\" data-element_type=\"widget\" data-e-type=\"widget\" data-widget_type=\"ct_image.default\">\n\t\t\t\t<div class=\"elementor-widget-container\">\n\t\t\t\t\t<div class=\"ct-image-single style-zoom   \" data-width=\"\" data-height=\"\">\r\n            <a href=\"https:\/\/www.vabs.com\/wp-content\/uploads\/2025\/03\/metric_iso_thread_standards.pdf\">            <img decoding=\"async\" width=\"794\" height=\"1123\" src=\"https:\/\/www.vabs.com\/wp-content\/uploads\/2025\/03\/metric_iso_thread_standards.jpg\" class=\"attachment-full\" alt=\"\" \/>        <\/a>    <\/div>\t\t\t\t<\/div>\n\t\t\t\t<\/div>\n\t\t\t\t<div class=\"elementor-element elementor-element-9bf28ff elementor-widget elementor-widget-ct_text_editor\" data-id=\"9bf28ff\" data-element_type=\"widget\" data-e-type=\"widget\" data-widget_type=\"ct_text_editor.default\">\n\t\t\t\t<div class=\"elementor-widget-container\">\n\t\t\t\t\t<div id=\"ct_text_editor-9bf28ff\" class=\"ct-text-editor \" data-wow-delay=\"ms\">\n\t<div class=\"ct-inline-css\"  data-css=\"\n        \t\t\">\n\n    <\/div>\n\t<div class=\"ct-text-inner elementor-clearfix\">\n\t\t<h4><a href=\"https:\/\/www.vabs.com\/wp-content\/uploads\/2025\/03\/metric_iso_thread_standards.pdf\">Normas M\u00e9tricas ISO para Roscas<\/a><\/h4><p>Gu\u00eda de Referencia para la Producci\u00f3n de Dimensiones de Roscas Comunes y Finas<br \/>M 1.6 \u2013 M 60 y MF 2.5 \u2013 MF 100<\/p>\t<\/div>\n<\/div>\t\t\t\t<\/div>\n\t\t\t\t<\/div>\n\t\t\t\t<\/div>\n\t\t\t\t\t<\/div>\n\t\t\t\t<\/div>\n\t\t\t\t<\/div>\n\t\t","protected":false},"excerpt":{"rendered":"<p>Normas M\u00e9tricas ISO para Roscas Gu\u00eda de Referencia para la Producci\u00f3n de Dimensiones de Roscas Comunes y FinasM 1.6 \u2013 M 60 y MF 2.5 \u2013 MF 100<\/p>\n","protected":false},"author":1,"featured_media":0,"parent":0,"menu_order":0,"comment_status":"closed","ping_status":"closed","template":"","meta":{"footnotes":""},"class_list":["post-22568","page","type-page","status-publish","hentry"],"_links":{"self":[{"href":"https:\/\/www.vabs.com\/es\/wp-json\/wp\/v2\/pages\/22568","targetHints":{"allow":["GET"]}}],"collection":[{"href":"https:\/\/www.vabs.com\/es\/wp-json\/wp\/v2\/pages"}],"about":[{"href":"https:\/\/www.vabs.com\/es\/wp-json\/wp\/v2\/types\/page"}],"author":[{"embeddable":true,"href":"https:\/\/www.vabs.com\/es\/wp-json\/wp\/v2\/users\/1"}],"replies":[{"embeddable":true,"href":"https:\/\/www.vabs.com\/es\/wp-json\/wp\/v2\/comments?post=22568"}],"version-history":[{"count":7,"href":"https:\/\/www.vabs.com\/es\/wp-json\/wp\/v2\/pages\/22568\/revisions"}],"predecessor-version":[{"id":22636,"href":"https:\/\/www.vabs.com\/es\/wp-json\/wp\/v2\/pages\/22568\/revisions\/22636"}],"wp:attachment":[{"href":"https:\/\/www.vabs.com\/es\/wp-json\/wp\/v2\/media?parent=22568"}],"curies":[{"name":"wp","href":"https:\/\/api.w.org\/{rel}","templated":true}]}}