{"id":22574,"date":"2025-01-07T13:09:55","date_gmt":"2025-01-07T13:09:55","guid":{"rendered":"https:\/\/www.vabs.com\/ozel-uretim-vida-ovalama-aparatlari\/"},"modified":"2025-04-22T17:42:18","modified_gmt":"2025-04-22T17:42:18","slug":"cabezales-para-laminar-roscas-de-produccion-especial","status":"publish","type":"page","link":"https:\/\/www.vabs.com\/es\/cabezales-para-laminar-roscas-de-produccion-especial\/","title":{"rendered":"Cabezales para Laminar Roscas de Producci\u00f3n Especial"},"content":{"rendered":"\t\t<div data-elementor-type=\"wp-page\" data-elementor-id=\"22574\" class=\"elementor elementor-22574 elementor-18858\">\n\t\t\t\t<div class=\"elementor-element elementor-element-7b0776cc e-con-full e-flex e-con e-parent\" data-id=\"7b0776cc\" data-element_type=\"container\" data-e-type=\"container\">\n\t\t<div class=\"elementor-element elementor-element-50725ea9 e-con-full e-flex e-con e-child\" data-id=\"50725ea9\" data-element_type=\"container\" data-e-type=\"container\">\n\t\t\t\t<div class=\"elementor-element elementor-element-829ec09 elementor-widget elementor-widget-ct_heading\" data-id=\"829ec09\" data-element_type=\"widget\" data-e-type=\"widget\" data-widget_type=\"ct_heading.default\">\n\t\t\t\t<div class=\"elementor-widget-container\">\n\t\t\t\t\t<div class=\"ct-heading h-align-\">\r\n    \t    <h2 class=\"item--title case-animate-time st-default \" data-wow-delay=\"ms\">\r\n        <span>Cabezales para Laminar Roscas de Producci\u00f3n Especial<\/span>    <\/h2>\r\n<\/div>\t\t\t\t<\/div>\n\t\t\t\t<\/div>\n\t\t\t\t<div class=\"elementor-element elementor-element-a5d8907 elementor-widget elementor-widget-ct_text_editor\" data-id=\"a5d8907\" data-element_type=\"widget\" data-e-type=\"widget\" data-widget_type=\"ct_text_editor.default\">\n\t\t\t\t<div class=\"elementor-widget-container\">\n\t\t\t\t\t<div id=\"ct_text_editor-a5d8907\" class=\"ct-text-editor \" data-wow-delay=\"ms\">\n\t<div class=\"ct-inline-css\"  data-css=\"\n        \t\t\">\n\n    <\/div>\n\t<div class=\"ct-text-inner elementor-clearfix\">\n\t\t<p>VABS va m\u00e1s all\u00e1 de los cabezales est\u00e1ndar para laminar roscas, ofreciendo soluciones innovadoras dise\u00f1adas para requisitos espec\u00edficos. Con nuestra amplia experiencia en ingenier\u00eda y procesos de fabricaci\u00f3n de alta precisi\u00f3n, somos un referente clave en el dise\u00f1o y producci\u00f3n de herramientas para operaciones de roscado exigentes y perfiles de rosca especializados.<\/p>\t<\/div>\n<\/div>\t\t\t\t<\/div>\n\t\t\t\t<\/div>\n\t\t\t\t<\/div>\n\t\t<div class=\"elementor-element elementor-element-64276566 e-con-full e-flex e-con e-child\" data-id=\"64276566\" data-element_type=\"container\" data-e-type=\"container\">\n\t\t\t\t<div class=\"elementor-element elementor-element-454d10c5 elementor-widget elementor-widget-ct_image\" data-id=\"454d10c5\" data-element_type=\"widget\" data-e-type=\"widget\" data-widget_type=\"ct_image.default\">\n\t\t\t\t<div class=\"elementor-widget-container\">\n\t\t\t\t\t<div class=\"ct-image-single style-zoom   \" data-width=\"\" data-height=\"\">\r\n                        <img fetchpriority=\"high\" decoding=\"async\" width=\"400\" height=\"382\" src=\"https:\/\/www.vabs.com\/wp-content\/uploads\/2025\/01\/ozel_aparat.png\" class=\"attachment-full\" alt=\"\" \/>            <\/div>\t\t\t\t<\/div>\n\t\t\t\t<\/div>\n\t\t\t\t<\/div>\n\t\t\t\t<\/div>\n\t\t        <section class=\"elementor-section elementor-top-section elementor-element elementor-element-3d5950c4 elementor-section-boxed elementor-section-height-default elementor-section-height-default ct-header-fixed-none ct-column-none ct-row-scroll-none ct-section-smoke-none ct-section-particle-none\" data-id=\"3d5950c4\" data-element_type=\"section\" data-e-type=\"section\">\n            \n                        <div class=\"elementor-container elementor-column-gap-default \">\n                    <div class=\"elementor-column elementor-col-50 elementor-top-column elementor-element elementor-element-1fab3717 ct-column-none\" data-id=\"1fab3717\" data-element_type=\"column\" data-e-type=\"column\">\n        <div class=\"elementor-widget-wrap elementor-element-populated\">\n                    \n        \t\t<div class=\"elementor-element elementor-element-41b1a8c5 elementor-widget elementor-widget-ct_heading\" data-id=\"41b1a8c5\" data-element_type=\"widget\" data-e-type=\"widget\" data-widget_type=\"ct_heading.default\">\n\t\t\t\t<div class=\"elementor-widget-container\">\n\t\t\t\t\t<div class=\"ct-heading h-align-\">\r\n    \t    <h2 class=\"item--title case-animate-time st-default \" data-wow-delay=\"ms\">\r\n        <span class=\"slide-in-container\"><span class=\"d-inline-block wow case-fade-in-up\">Herramientas<\/span><\/span> <span class=\"slide-in-container\"><span class=\"d-inline-block wow case-fade-in-up\">Dise\u00f1adas<\/span><\/span> <span class=\"slide-in-container\"><span class=\"d-inline-block wow case-fade-in-up\">para<\/span><\/span> <span class=\"slide-in-container\"><span class=\"d-inline-block wow case-fade-in-up\">Aplicaciones<\/span><\/span> <span class=\"slide-in-container\"><span class=\"d-inline-block wow case-fade-in-up\">Especiales<\/span><\/span>    <\/h2>\r\n<\/div>\t\t\t\t<\/div>\n\t\t\t\t<\/div>\n\t\t\t\t<div class=\"elementor-element elementor-element-167c4bf8 elementor-widget elementor-widget-ct_text_editor\" data-id=\"167c4bf8\" data-element_type=\"widget\" data-e-type=\"widget\" data-widget_type=\"ct_text_editor.default\">\n\t\t\t\t<div class=\"elementor-widget-container\">\n\t\t\t\t\t<div id=\"ct_text_editor-167c4bf8\" class=\"ct-text-editor \" data-wow-delay=\"ms\">\n\t<div class=\"ct-inline-css\"  data-css=\"\n        \t\t\">\n\n    <\/div>\n\t<div class=\"ct-text-inner elementor-clearfix\">\n\t\t<h4><span style=\"color: #00ccff\">#<\/span> Larga Vida \u00datil<\/h4><h5>Bajo costo con requisitos m\u00ednimos de mantenimiento.<\/h5>\t<\/div>\n<\/div>\t\t\t\t<\/div>\n\t\t\t\t<\/div>\n\t\t            <\/div>\n        <\/div>\n                <div class=\"elementor-column elementor-col-50 elementor-top-column elementor-element elementor-element-32459f1a ct-column-none\" data-id=\"32459f1a\" data-element_type=\"column\" data-e-type=\"column\">\n        <div class=\"elementor-widget-wrap elementor-element-populated\">\n                    \n        \t\t<div class=\"elementor-element elementor-element-19af33e0 elementor-widget elementor-widget-ct_fancy_box\" data-id=\"19af33e0\" data-element_type=\"widget\" data-e-type=\"widget\" data-widget_type=\"ct_fancy_box.default\">\n\t\t\t\t<div class=\"elementor-widget-container\">\n\t\t\t\t\t<div class=\"ct-fancy-box ct-fancy-box-layout4 ct-flex-row \" data-wow-delay=\"ms\">\r\n    <div class=\"item--inner\">\r\n                                    <div class=\"item--meta style1 elementor-repeater-item-106cfc9\">\r\n                                            <div class=\"item--list--title\">\r\n                                                            <h5 class=\"item--sub--title\">\r\n                                    #                                <\/h5>\r\n                                                                                        <h5 class=\"item--title\">\r\n                                    Operaciones de Roscado de Gran Di\u00e1metro                                <\/h5>\r\n                                                    <\/div>\r\n                                                                <div class=\"item--description\">\r\n                            Cabezales especiales desarrollados para roscas de gran di\u00e1metro desde M.60 hasta M.300 mm ofrecen alta durabilidad y precisi\u00f3n. Dise\u00f1ados espec\u00edficamente para aplicaciones industriales pesadas.                        <\/div>\r\n                                                                                                <\/div>\r\n                                                <div class=\"item--meta style1 elementor-repeater-item-e2d9509\">\r\n                                            <div class=\"item--list--title\">\r\n                                                            <h5 class=\"item--sub--title\">\r\n                                    #                                <\/h5>\r\n                                                                                        <h5 class=\"item--title\">\r\n                                    Tuber\u00edas de Perforaci\u00f3n y Elementos de Fijaci\u00f3n                                <\/h5>\r\n                                                    <\/div>\r\n                                                                <div class=\"item--description\">\r\n                            Herramientas dise\u00f1adas para condiciones extremas de perforaci\u00f3n permiten la producci\u00f3n r\u00e1pida y sin virutas de roscas resistentes a la presi\u00f3n.                        <\/div>\r\n                                                                                                <\/div>\r\n                        <\/div>\r\n<\/div>\t\t\t\t<\/div>\n\t\t\t\t<\/div>\n\t\t\t\t<div class=\"elementor-element elementor-element-4da3dd61 elementor-widget elementor-widget-ct_fancy_box\" data-id=\"4da3dd61\" data-element_type=\"widget\" data-e-type=\"widget\" data-widget_type=\"ct_fancy_box.default\">\n\t\t\t\t<div class=\"elementor-widget-container\">\n\t\t\t\t\t<div class=\"ct-fancy-box ct-fancy-box-layout4 ct-flex-row \" data-wow-delay=\"ms\">\r\n    <div class=\"item--inner\">\r\n                                    <div class=\"item--meta style1 elementor-repeater-item-ca91999\">\r\n                                            <div class=\"item--list--title\">\r\n                                                            <h5 class=\"item--sub--title\">\r\n                                    #                                <\/h5>\r\n                                                                                        <h5 class=\"item--title\">\r\n                                    Tornillos Cuadrados y Sondas Telesc\u00f3picas                                <\/h5>\r\n                                                    <\/div>\r\n                                                                <div class=\"item--description\">\r\n                            Soluciones optimizadas para tornillos cuadrados y sondas telesc\u00f3picas que requieren perfiles de rosca especializados, mejorando la eficiencia de producci\u00f3n. Es una soluci\u00f3n ideal para las industrias de v\u00e1lvulas y construcci\u00f3n.                        <\/div>\r\n                                                                                                <\/div>\r\n                                                <div class=\"item--meta style1 elementor-repeater-item-30a992f\">\r\n                                            <div class=\"item--list--title\">\r\n                                                            <h5 class=\"item--sub--title\">\r\n                                    #                                <\/h5>\r\n                                                                                        <h5 class=\"item--title\">\r\n                                    Roscas de M\u00faltiples Entradas y Formas de Rosca Especiales                                <\/h5>\r\n                                                    <\/div>\r\n                                                                <div class=\"item--description\">\r\n                            Herramientas totalmente personalizadas para roscas de m\u00faltiples entradas y perfiles de rosca \u00fanicos garantizan resultados precisos y repetibles .                        <\/div>\r\n                                                                                                <\/div>\r\n                        <\/div>\r\n<\/div>\t\t\t\t<\/div>\n\t\t\t\t<\/div>\n\t\t            <\/div>\n        <\/div>\n                    <\/div>\n        <\/section>\n        <div class=\"elementor-element elementor-element-f2f041e e-con-full e-flex e-con e-parent\" data-id=\"f2f041e\" data-element_type=\"container\" data-e-type=\"container\">\n\t\t<div class=\"elementor-element elementor-element-161b43ad e-con-full e-flex e-con e-child\" data-id=\"161b43ad\" data-element_type=\"container\" data-e-type=\"container\">\n\t\t\t\t<div class=\"elementor-element elementor-element-351e6f70 elementor-widget elementor-widget-ct_heading\" data-id=\"351e6f70\" data-element_type=\"widget\" data-e-type=\"widget\" data-widget_type=\"ct_heading.default\">\n\t\t\t\t<div class=\"elementor-widget-container\">\n\t\t\t\t\t<div class=\"ct-heading h-align-\">\r\n    \t    <h4 class=\"item--title case-animate-time st-default \" data-wow-delay=\"ms\">\r\n        <span>Nuestras Ventajas<\/span>    <\/h4>\r\n<\/div>\t\t\t\t<\/div>\n\t\t\t\t<\/div>\n\t\t\t\t<div class=\"elementor-element elementor-element-55cc36f0 elementor-widget elementor-widget-ct_heading\" data-id=\"55cc36f0\" data-element_type=\"widget\" data-e-type=\"widget\" data-widget_type=\"ct_heading.default\">\n\t\t\t\t<div class=\"elementor-widget-container\">\n\t\t\t\t\t<div class=\"ct-heading h-align-\">\r\n    \t    <p class=\"item--title case-animate-time st-default \" data-wow-delay=\"ms\">\r\n        <span>La Herramienta de Laminado de Roscas Lineal forma roscas en una pieza de trabajo de manera r\u00e1pida y eficiente. Durante el proceso:<\/span>    <\/p>\r\n<\/div>\t\t\t\t<\/div>\n\t\t\t\t<\/div>\n\t\t\t\t<div class=\"elementor-element elementor-element-20296db elementor-widget elementor-widget-ct_list\" data-id=\"20296db\" data-element_type=\"widget\" data-e-type=\"widget\" data-widget_type=\"ct_list.default\">\n\t\t\t\t<div class=\"elementor-widget-container\">\n\t\t\t\t\t    <div class=\"ct-list style-1\">\r\n                                    <div class=\"ct-list-item \" data-wow-delay=\"ms\">\r\n            \t<div class=\"ct-list-content\">\r\n                    \t            \t  Tecnolog\u00eda de Procesado sin Virutas: El conformado en fr\u00edo densifica la estructura del material sin cortar sus fibras, produciendo roscas m\u00e1s resistentes.                    \t            <\/div>\r\n            <\/div>\r\n                    <div class=\"ct-list-item \" data-wow-delay=\"ms\">\r\n            \t<div class=\"ct-list-content\">\r\n                    \t            \t  Alta Precisi\u00f3n y Calidad: Garantiza resultados constantes y precisos para aplicaciones especiales.                    \t            <\/div>\r\n            <\/div>\r\n                    <div class=\"ct-list-item \" data-wow-delay=\"ms\">\r\n            \t<div class=\"ct-list-content\">\r\n                    \t            \t  Dise\u00f1o Flexible: Totalmente personalizable para satisfacer sus necesidades industriales.                    \t            <\/div>\r\n            <\/div>\r\n                    <div class=\"ct-list-item \" data-wow-delay=\"ms\">\r\n            \t<div class=\"ct-list-content\">\r\n                    \t            \t  Amplia Gama de Aplicaciones: Adecuado para roscado de tuber\u00edas, tornillos cuadrados, estructuras telesc\u00f3picas y m\u00e1s.                    \t            <\/div>\r\n            <\/div>\r\n                    <\/div>\r\n\t\t\t\t<\/div>\n\t\t\t\t<\/div>\n\t\t\t\t<\/div>\n\t\t\t\t<\/div>\n\t\t<div class=\"elementor-element elementor-element-a3d7e16 e-con-full e-flex e-con e-parent\" data-id=\"a3d7e16\" data-element_type=\"container\" data-e-type=\"container\">\n\t\t<div class=\"elementor-element elementor-element-9b05e7b e-con-full e-flex e-con e-child\" data-id=\"9b05e7b\" data-element_type=\"container\" data-e-type=\"container\">\n\t\t\t\t<div class=\"elementor-element elementor-element-081f7d3 elementor-widget elementor-widget-ct_heading\" data-id=\"081f7d3\" data-element_type=\"widget\" data-e-type=\"widget\" data-widget_type=\"ct_heading.default\">\n\t\t\t\t<div class=\"elementor-widget-container\">\n\t\t\t\t\t<div class=\"ct-heading h-align-\">\r\n    \t    <h4 class=\"item--title case-animate-time st-default \" data-wow-delay=\"ms\">\r\n        <span>Soluciones Personalizadas para Sus Necesidades<\/span>    <\/h4>\r\n<\/div>\t\t\t\t<\/div>\n\t\t\t\t<\/div>\n\t\t\t\t<div class=\"elementor-element elementor-element-ae6a13f elementor-widget elementor-widget-ct_text_editor\" data-id=\"ae6a13f\" data-element_type=\"widget\" data-e-type=\"widget\" data-widget_type=\"ct_text_editor.default\">\n\t\t\t\t<div class=\"elementor-widget-container\">\n\t\t\t\t\t<div id=\"ct_text_editor-ae6a13f\" class=\"ct-text-editor \" data-wow-delay=\"ms\">\n\t<div class=\"ct-inline-css\"  data-css=\"\n        \t\t\">\n\n    <\/div>\n\t<div class=\"ct-text-inner elementor-clearfix\">\n\t\t<p>Para satisfacer plenamente sus necesidades, el equipo de VABS trabaja estrechamente con usted durante todo el proceso de dise\u00f1o y producci\u00f3n. Todos nuestros productos se fabrican de acuerdo con los est\u00e1ndares internacionales de calidad y garantizan un rendimiento superior en condiciones industriales exigentes.<\/p>\t<\/div>\n<\/div>\t\t\t\t<\/div>\n\t\t\t\t<\/div>\n\t\t\t\t<div class=\"elementor-element elementor-element-d1b2089 elementor-widget elementor-widget-ct_heading\" data-id=\"d1b2089\" data-element_type=\"widget\" data-e-type=\"widget\" data-widget_type=\"ct_heading.default\">\n\t\t\t\t<div class=\"elementor-widget-container\">\n\t\t\t\t\t<div class=\"ct-heading h-align-\">\r\n    \t\t\t<div class=\"item--sub-title\">\r\n            <span>Para M\u00e1s Informaci\u00f3n y Cotizaciones<\/span>\r\n        <\/div>\r\n\t    <p class=\"item--title case-animate-time st-default \" data-wow-delay=\"ms\">\r\n        <span>Para obtener m\u00e1s informaci\u00f3n sobre nuestras soluciones de herramientas de roscado personalizadas, cont\u00e1ctenos hoy mismo. Nuestro equipo de ingenier\u00eda est\u00e1 siempre listo para ofrecer soluciones adaptadas a sus proyectos.<\/span>    <\/p>\r\n<\/div>\t\t\t\t<\/div>\n\t\t\t\t<\/div>\n\t\t\t\t<\/div>\n\t\t\t\t<\/div>\n\t\t\t\t<\/div>\n\t\t","protected":false},"excerpt":{"rendered":"<p>Cabezales para Laminar Roscas de Producci\u00f3n Especial VABS va m\u00e1s all\u00e1 de los cabezales est\u00e1ndar para laminar roscas, ofreciendo soluciones innovadoras dise\u00f1adas para requisitos espec\u00edficos. Con nuestra amplia experiencia en ingenier\u00eda y procesos de fabricaci\u00f3n de alta precisi\u00f3n, somos un referente clave en el dise\u00f1o y producci\u00f3n de herramientas para operaciones de roscado exigentes y [&hellip;]<\/p>\n","protected":false},"author":1,"featured_media":0,"parent":0,"menu_order":0,"comment_status":"closed","ping_status":"closed","template":"","meta":{"footnotes":""},"class_list":["post-22574","page","type-page","status-publish","hentry"],"_links":{"self":[{"href":"https:\/\/www.vabs.com\/es\/wp-json\/wp\/v2\/pages\/22574","targetHints":{"allow":["GET"]}}],"collection":[{"href":"https:\/\/www.vabs.com\/es\/wp-json\/wp\/v2\/pages"}],"about":[{"href":"https:\/\/www.vabs.com\/es\/wp-json\/wp\/v2\/types\/page"}],"author":[{"embeddable":true,"href":"https:\/\/www.vabs.com\/es\/wp-json\/wp\/v2\/users\/1"}],"replies":[{"embeddable":true,"href":"https:\/\/www.vabs.com\/es\/wp-json\/wp\/v2\/comments?post=22574"}],"version-history":[{"count":1,"href":"https:\/\/www.vabs.com\/es\/wp-json\/wp\/v2\/pages\/22574\/revisions"}],"predecessor-version":[{"id":22575,"href":"https:\/\/www.vabs.com\/es\/wp-json\/wp\/v2\/pages\/22574\/revisions\/22575"}],"wp:attachment":[{"href":"https:\/\/www.vabs.com\/es\/wp-json\/wp\/v2\/media?parent=22574"}],"curies":[{"name":"wp","href":"https:\/\/api.w.org\/{rel}","templated":true}]}}