{"id":22661,"date":"2025-02-24T11:28:59","date_gmt":"2025-02-24T11:28:59","guid":{"rendered":"https:\/\/www.vabs.com\/urun\/a01-nr-m35-m6-vida-dis-ovalama-aparati\/"},"modified":"2025-05-01T13:01:57","modified_gmt":"2025-05-01T13:01:57","slug":"a01-nr-m35-m6-cabezal-para-laminar-roscas","status":"publish","type":"product","link":"https:\/\/www.vabs.com\/es\/producto\/a01-nr-m35-m6-cabezal-para-laminar-roscas\/","title":{"rendered":"A01-NR \/ M3,5-M6 Cabezal para Laminar Roscas"},"content":{"rendered":"<h6><strong>El cabezal para laminar roscas A01-NR \/ M3,5-M6 es totalmente compatible con rodillos fabricados seg\u00fan los siguientes est\u00e1ndares<\/strong>.<\/h6>\n<div class=\"table-container\">\n<table class=\"custom-table\">\n<thead>\n<tr>\n<th class=\"table-title\" colspan=\"2\"><strong>Roscas<\/strong> ISO<br \/>\n<strong>Metricas<\/strong> (mm)<\/th>\n<th class=\"table-title\"><span style=\"color: #00a7e1; font-size: 16px;\"><strong>M<\/strong><\/span><\/th>\n<\/tr>\n<tr>\n<th>Norma<\/th>\n<th>Di\u00e1metro<\/th>\n<th>Paso<\/th>\n<\/tr>\n<\/thead>\n<tbody>\n<tr>\n<td>M<\/td>\n<td>3,5<\/td>\n<td>0,6<\/td>\n<\/tr>\n<tr>\n<td>M<\/td>\n<td>4<\/td>\n<td>0,7<\/td>\n<\/tr>\n<tr>\n<td>M<\/td>\n<td>4 &#8211; 4,5<\/td>\n<td>0,75<\/td>\n<\/tr>\n<tr>\n<td>M<\/td>\n<td>5<\/td>\n<td>0,8<\/td>\n<\/tr>\n<tr>\n<td>M<\/td>\n<td>5 &#8211; 5,5<\/td>\n<td>0,9<\/td>\n<\/tr>\n<tr>\n<td>M<\/td>\n<td>6<\/td>\n<td>1<\/td>\n<\/tr>\n<\/tbody>\n<\/table>\n<table class=\"custom-table\">\n<thead>\n<tr>\n<th class=\"table-title\" colspan=\"2\"><strong>Roscas ISO Metricas<\/strong><br \/>\n<strong>\u00a0finas <\/strong>(mm)<\/th>\n<th class=\"table-title\"><span style=\"color: #00a7e1; font-size: 16px;\"><strong>MF<\/strong><\/span><\/th>\n<\/tr>\n<tr>\n<th>Norma<\/th>\n<th>Di\u00e1metro<\/th>\n<th>Paso<\/th>\n<\/tr>\n<\/thead>\n<tbody>\n<tr>\n<td>MF<\/td>\n<td>4 &#8211; 5<\/td>\n<td>0,5<\/td>\n<\/tr>\n<\/tbody>\n<\/table>\n<table class=\"custom-table\">\n<thead>\n<tr>\n<th class=\"table-title\" colspan=\"2\">Rosca Est\u00e1ndar<br \/>\nAmericana (pulgadas)<\/th>\n<th class=\"table-title\"><span style=\"color: #00a7e1; font-size: 16px;\"><strong>UNC<\/strong><\/span><\/th>\n<\/tr>\n<tr>\n<th>Norm<\/th>\n<th>Di\u00e1metro<\/th>\n<th>TPI<\/th>\n<\/tr>\n<\/thead>\n<tbody>\n<tr>\n<td>UNC<\/td>\n<td>8<\/td>\n<td>32<\/td>\n<\/tr>\n<tr>\n<td>UNC<\/td>\n<td>10 &#8211; 12<\/td>\n<td>24<\/td>\n<\/tr>\n<tr>\n<td>UNC<\/td>\n<td>1\/4<\/td>\n<td>20<\/td>\n<\/tr>\n<\/tbody>\n<\/table>\n<table class=\"custom-table\">\n<thead>\n<tr>\n<th class=\"table-title\" colspan=\"2\">Rosca Americana<br \/>\nFina (pulgadas)<\/th>\n<th class=\"table-title\"><span style=\"color: #00a7e1; font-size: 16px;\"><strong>UNF<\/strong><\/span><\/th>\n<\/tr>\n<tr>\n<th>Norma<\/th>\n<th>Di\u00e1metro<\/th>\n<th>TPI<\/th>\n<\/tr>\n<\/thead>\n<tbody>\n<tr>\n<td>UNF<\/td>\n<td>6<\/td>\n<td>40<\/td>\n<\/tr>\n<tr>\n<td>UNF<\/td>\n<td>8<\/td>\n<td>36<\/td>\n<\/tr>\n<tr>\n<td>UNF<\/td>\n<td>10<\/td>\n<td>32<\/td>\n<\/tr>\n<tr>\n<td>UNF<\/td>\n<td>12<\/td>\n<td>28<\/td>\n<\/tr>\n<tr>\n<td>UNF<\/td>\n<td>1\/4<\/td>\n<td>28<\/td>\n<\/tr>\n<\/tbody>\n<\/table>\n<table class=\"custom-table\">\n<thead>\n<tr>\n<th class=\"table-title\" colspan=\"2\">Rosca Est\u00e1ndar<br \/>\nWhitworth (pulgadas)<\/th>\n<th class=\"table-title\"><span style=\"color: #00a7e1; font-size: 16px;\"><strong>BA<\/strong><\/span><\/th>\n<\/tr>\n<tr>\n<th>Norma<\/th>\n<th>Di\u00e1metro<\/th>\n<th>TPI<\/th>\n<\/tr>\n<\/thead>\n<tbody>\n<tr>\n<td>BA<\/td>\n<td>4<\/td>\n<td>38,5<\/td>\n<\/tr>\n<tr>\n<td>BA<\/td>\n<td>3<\/td>\n<td>34,8<\/td>\n<\/tr>\n<tr>\n<td>BA<\/td>\n<td>2<\/td>\n<td>31,3<\/td>\n<\/tr>\n<tr>\n<td>BA<\/td>\n<td>1<\/td>\n<td>28,2<\/td>\n<\/tr>\n<tr>\n<td>BA<\/td>\n<td>0<\/td>\n<td>25,4<\/td>\n<\/tr>\n<\/tbody>\n<\/table>\n<table class=\"custom-table\">\n<thead>\n<tr>\n<th class=\"table-title\" colspan=\"2\">Rosca Est\u00e1ndar Whitworth<br \/>\nFina (pulgadas)<\/th>\n<th class=\"table-title\"><span style=\"color: #00a7e1; font-size: 16px;\"><strong>BSF<\/strong><\/span><\/th>\n<\/tr>\n<tr>\n<th>Norma<\/th>\n<th>Di\u00e1metro<\/th>\n<th>TPI<\/th>\n<\/tr>\n<\/thead>\n<tbody>\n<tr>\n<td>BSF<\/td>\n<td>3\/16<\/td>\n<td>32<\/td>\n<\/tr>\n<tr>\n<td>BSF<\/td>\n<td>7\/32<\/td>\n<td>28<\/td>\n<\/tr>\n<tr>\n<td>BSF<\/td>\n<td>1\/4<\/td>\n<td>26<\/td>\n<\/tr>\n<\/tbody>\n<\/table>\n<table class=\"custom-table\">\n<thead>\n<tr>\n<th class=\"table-title\" colspan=\"2\">Rosca Est\u00e1ndar<br \/>\nWhitworth (pulgadas)<\/th>\n<th class=\"table-title\"><span style=\"color: #00a7e1; font-size: 16px;\"><strong>BSW<\/strong><\/span><\/th>\n<\/tr>\n<tr>\n<th>Norma<\/th>\n<th>Di\u00e1metro<\/th>\n<th>TPI<\/th>\n<\/tr>\n<\/thead>\n<tbody>\n<tr>\n<td>BSW<\/td>\n<td>5\/32<\/td>\n<td>32<\/td>\n<\/tr>\n<tr>\n<td>BSW<\/td>\n<td>3\/16 &#8211; 7\/32<\/td>\n<td>24<\/td>\n<\/tr>\n<\/tbody>\n<\/table>\n<\/div>\n","protected":false},"excerpt":{"rendered":"<p><strong>El cabezal para laminar roscas A01-NR \/ M3,5-M6<\/strong> est\u00e1 especialmente dise\u00f1ado para realizar operaciones de laminado de roscas en productos con dimensiones entre M3,5 y M6. Un <strong>cabezal para laminar roscas VABS<\/strong> tambi\u00e9n permite realizar operaciones de roscado en productos con diferentes est\u00e1ndares, tama\u00f1os de rosca y pasos. Adem\u00e1s, estos cabezales pueden utilizarse para operaciones de moleteado y pulido mediante el cambio de rodillos.<\/p>\n<p>Compatible con diversas m\u00e1quinas CNC y sistemas rotativos, el <strong>A01-NR \/ M3,5-M6<\/strong>\u00a0puede realizar operaciones de roscado en materiales con diferentes durezas y propiedades qu\u00edmicas, desde acero hasta titanio, aluminio y acero inoxidable.<\/p>\n<p>Este cabezal puede realizar operaciones de laminado de roscas en productos macizos y tubulares, as\u00ed como en piezas de diferentes tama\u00f1os. Estas caracter\u00edsticas permiten obtener una mayor resistencia del material y una superficie lisa en poco tiempo.<\/p>\n","protected":false},"featured_media":21085,"template":"","meta":[],"product_brand":[],"product_cat":[293],"product_tag":[429,295,296],"class_list":{"0":"post-22661","1":"product","2":"type-product","3":"status-publish","4":"has-post-thumbnail","6":"product_cat-dogrusal-vida-ovalama-aparatlari-es","7":"product_tag-a01-nr-es","8":"product_tag-vabs-es","9":"product_tag-vida-ovalama-aparatlari-es","11":"first","12":"instock","13":"shipping-taxable","14":"product-type-simple"},"_links":{"self":[{"href":"https:\/\/www.vabs.com\/es\/wp-json\/wp\/v2\/product\/22661","targetHints":{"allow":["GET"]}}],"collection":[{"href":"https:\/\/www.vabs.com\/es\/wp-json\/wp\/v2\/product"}],"about":[{"href":"https:\/\/www.vabs.com\/es\/wp-json\/wp\/v2\/types\/product"}],"wp:featuredmedia":[{"embeddable":true,"href":"https:\/\/www.vabs.com\/es\/wp-json\/wp\/v2\/media\/21085"}],"wp:attachment":[{"href":"https:\/\/www.vabs.com\/es\/wp-json\/wp\/v2\/media?parent=22661"}],"wp:term":[{"taxonomy":"product_brand","embeddable":true,"href":"https:\/\/www.vabs.com\/es\/wp-json\/wp\/v2\/product_brand?post=22661"},{"taxonomy":"product_cat","embeddable":true,"href":"https:\/\/www.vabs.com\/es\/wp-json\/wp\/v2\/product_cat?post=22661"},{"taxonomy":"product_tag","embeddable":true,"href":"https:\/\/www.vabs.com\/es\/wp-json\/wp\/v2\/product_tag?post=22661"}],"curies":[{"name":"wp","href":"https:\/\/api.w.org\/{rel}","templated":true}]}}