{"id":22664,"date":"2025-02-24T11:28:57","date_gmt":"2025-02-24T11:28:57","guid":{"rendered":"https:\/\/www.vabs.com\/urun\/c2-dnr-m14-m30-vida-dis-ovalama-aparati\/"},"modified":"2025-05-01T13:01:03","modified_gmt":"2025-05-01T13:01:03","slug":"c2-dnr-m14-m30-cabezal-para-laminar-roscas","status":"publish","type":"product","link":"https:\/\/www.vabs.com\/es\/producto\/c2-dnr-m14-m30-cabezal-para-laminar-roscas\/","title":{"rendered":"C2-DNR \/ M14-M30 Cabezal para Laminar Roscas"},"content":{"rendered":"<h6><strong>El cabezal para laminar roscas C2-DNR \/ M14-M30 es totalmente compatible con rodillos fabricados seg\u00fan los siguientes est\u00e1ndares<\/strong>.<\/h6>\n<div class=\"table-container\">\n<table class=\"custom-table\">\n<thead>\n<tr>\n<th class=\"table-title\" colspan=\"2\"><strong>Roscas<\/strong> ISO<br \/>\n<strong>Metricas<\/strong> (mm)<\/th>\n<th class=\"table-title\"><span style=\"color: #00a7e1; font-size: 16px;\"><strong>M<\/strong><\/span><\/th>\n<\/tr>\n<tr>\n<th>Norma<\/th>\n<th>Di\u00e1metro<\/th>\n<th>Paso<\/th>\n<\/tr>\n<\/thead>\n<tbody>\n<tr>\n<td>M<\/td>\n<td>14 &#8211; 16<\/td>\n<td>2<\/td>\n<\/tr>\n<tr>\n<td>M<\/td>\n<td>18 &#8211; 20<\/td>\n<td>2,5<\/td>\n<\/tr>\n<tr>\n<td>M<\/td>\n<td>20 &#8211; 22<\/td>\n<td>2,5<\/td>\n<\/tr>\n<tr>\n<td>M<\/td>\n<td>24 &#8211; 27<\/td>\n<td>3<\/td>\n<\/tr>\n<tr>\n<td>M<\/td>\n<td>27 &#8211; 30<\/td>\n<td>3,5<\/td>\n<\/tr>\n<\/tbody>\n<\/table>\n<table class=\"custom-table\">\n<thead>\n<tr>\n<th class=\"table-title\" colspan=\"2\"><strong>Roscas ISO Metricas<\/strong><br \/>\n<strong>finas <\/strong>(mm)<\/th>\n<th class=\"table-title\"><span style=\"color: #00a7e1; font-size: 16px;\"><strong>MF<\/strong><\/span><\/th>\n<\/tr>\n<tr>\n<th>Norma<\/th>\n<th>Di\u00e1metro<\/th>\n<th>Paso<\/th>\n<\/tr>\n<\/thead>\n<tbody>\n<tr>\n<td>MF<\/td>\n<td>14 &#8211; 16<\/td>\n<td>1,5<\/td>\n<\/tr>\n<tr>\n<td>MF<\/td>\n<td>16 &#8211; 18<\/td>\n<td>1,5<\/td>\n<\/tr>\n<tr>\n<td>MF<\/td>\n<td>18 &#8211; 20<\/td>\n<td>2<\/td>\n<\/tr>\n<tr>\n<td>MF<\/td>\n<td>22 &#8211; 24<\/td>\n<td>2<\/td>\n<\/tr>\n<\/tbody>\n<\/table>\n<table class=\"custom-table\">\n<thead>\n<tr>\n<th class=\"table-title\" colspan=\"2\">Rosca Est\u00e1ndar<br \/>\nAmericana (pulgadas)<\/th>\n<th class=\"table-title\"><span style=\"color: #00a7e1; font-size: 16px;\"><strong>UNC<\/strong><\/span><\/th>\n<\/tr>\n<tr>\n<th>Norma<\/th>\n<th>Di\u00e1metro<\/th>\n<th>TPI<\/th>\n<\/tr>\n<\/thead>\n<tbody>\n<tr>\n<td>UNC<\/td>\n<td>9\/16<\/td>\n<td>12<\/td>\n<\/tr>\n<tr>\n<td>UNC<\/td>\n<td>5\/8<\/td>\n<td>11<\/td>\n<\/tr>\n<tr>\n<td>UNC<\/td>\n<td>3\/4<\/td>\n<td>10<\/td>\n<\/tr>\n<tr>\n<td>UNC<\/td>\n<td>7\/8<\/td>\n<td>9<\/td>\n<\/tr>\n<tr>\n<td>UNC<\/td>\n<td>1<\/td>\n<td>8<\/td>\n<\/tr>\n<tr>\n<td>UNC<\/td>\n<td>1\u00a0 1\/8<\/td>\n<td>7<\/td>\n<\/tr>\n<\/tbody>\n<\/table>\n<table class=\"custom-table\">\n<thead>\n<tr>\n<th class=\"table-title\" colspan=\"2\">Rosca Americana<br \/>\nFina (pulgadas)<\/th>\n<th class=\"table-title\"><span style=\"color: #00a7e1; font-size: 16px;\"><strong>UNF<\/strong><\/span><\/th>\n<\/tr>\n<tr>\n<th>Norma<\/th>\n<th>Di\u00e1metro<\/th>\n<th>TPI<\/th>\n<\/tr>\n<\/thead>\n<tbody>\n<tr>\n<td>UNF<\/td>\n<td>9\/16 &#8211; 5\/8<\/td>\n<td>18<\/td>\n<\/tr>\n<tr>\n<td>UNF<\/td>\n<td>3\/4<\/td>\n<td>16<\/td>\n<\/tr>\n<tr>\n<td>UNF<\/td>\n<td>7\/8<\/td>\n<td>14<\/td>\n<\/tr>\n<tr>\n<td>UNF<\/td>\n<td>1<\/td>\n<td>12<\/td>\n<\/tr>\n<\/tbody>\n<\/table>\n<table class=\"custom-table\">\n<thead>\n<tr>\n<th class=\"table-title\" colspan=\"2\">Rosca Est\u00e1ndar Whitworth<br \/>\nFina (pulgadas)<\/th>\n<th class=\"table-title\"><span style=\"color: #00a7e1; font-size: 16px;\"><strong>BSF<\/strong><\/span><\/th>\n<\/tr>\n<tr>\n<th>Norma<\/th>\n<th>Di\u00e1metro<\/th>\n<th>TPI<\/th>\n<\/tr>\n<\/thead>\n<tbody>\n<tr>\n<td>BSF<\/td>\n<td>5\/8 &#8211; 11\/16<\/td>\n<td>14<\/td>\n<\/tr>\n<tr>\n<td>BSF<\/td>\n<td>3\/4 &#8211; 13\/16<\/td>\n<td>12<\/td>\n<\/tr>\n<tr>\n<td>BSF<\/td>\n<td>7\/8 &#8211; 15\/16<\/td>\n<td>11<\/td>\n<\/tr>\n<tr>\n<td>BSF<\/td>\n<td>1<\/td>\n<td>10<\/td>\n<\/tr>\n<tr>\n<td>BSF<\/td>\n<td>1\u00a0 1\/8<\/td>\n<td>9<\/td>\n<\/tr>\n<\/tbody>\n<\/table>\n<table class=\"custom-table\">\n<thead>\n<tr>\n<th class=\"table-title\" colspan=\"2\">Rosca Est\u00e1ndar<br \/>\nWhitworth (pulgadas)<\/th>\n<th class=\"table-title\"><span style=\"color: #00a7e1; font-size: 16px;\"><strong>BSW<\/strong><\/span><\/th>\n<\/tr>\n<tr>\n<th>Norma<\/th>\n<th>Di\u00e1metro<\/th>\n<th>TPI<\/th>\n<\/tr>\n<\/thead>\n<tbody>\n<tr>\n<td>BSW<\/td>\n<td>9\/16<\/td>\n<td>12<\/td>\n<\/tr>\n<tr>\n<td>BSW<\/td>\n<td>5\/8 &#8211; 11\/16<\/td>\n<td>11<\/td>\n<\/tr>\n<tr>\n<td>BSW<\/td>\n<td>3\/4 &#8211; 13\/16<\/td>\n<td>10<\/td>\n<\/tr>\n<tr>\n<td>BSW<\/td>\n<td>7\/8 &#8211; 15\/16<\/td>\n<td>9<\/td>\n<\/tr>\n<tr>\n<td>BSW<\/td>\n<td>1<\/td>\n<td>8<\/td>\n<\/tr>\n<tr>\n<td>BSW<\/td>\n<td>1\u00a0 1\/8<\/td>\n<td>7<\/td>\n<\/tr>\n<\/tbody>\n<\/table>\n<table class=\"custom-table\">\n<thead>\n<tr>\n<th class=\"table-title\" colspan=\"2\"><strong>Rosca BSP Whitworth<\/strong><br \/>\n<strong>gas <\/strong>(pulgadas)<\/th>\n<th class=\"table-title\"><span style=\"color: #00a7e1; font-size: 16px;\"><strong>G<\/strong><\/span><\/th>\n<\/tr>\n<tr>\n<th>Norma<\/th>\n<th>Di\u00e1metro<\/th>\n<th>TPI<\/th>\n<\/tr>\n<\/thead>\n<tbody>\n<tr>\n<td>G<\/td>\n<td>3\/8<\/td>\n<td>19<\/td>\n<\/tr>\n<tr>\n<td>G<\/td>\n<td>1\/2 &#8211; 5\/8<\/td>\n<td>14<\/td>\n<\/tr>\n<\/tbody>\n<\/table>\n<table class=\"custom-table\">\n<thead>\n<tr>\n<th class=\"table-title\" colspan=\"2\">Roscas redondas<br \/>\nprofundidad (Pulgadas)<\/th>\n<th class=\"table-title\"><span style=\"color: #00a7e1; font-size: 16px;\"><strong>Rd<\/strong><\/span><\/th>\n<\/tr>\n<tr>\n<th>Norma<\/th>\n<th>Di\u00e1metro<\/th>\n<th>TPI<\/th>\n<\/tr>\n<\/thead>\n<tbody>\n<tr>\n<td>Rd<\/td>\n<td>20 &#8211; 22<\/td>\n<td>1\/8<\/td>\n<\/tr>\n<tr>\n<td>Rd<\/td>\n<td>24 &#8211; 26<\/td>\n<td>1\/8<\/td>\n<\/tr>\n<\/tbody>\n<\/table>\n<table class=\"custom-table\">\n<thead>\n<tr>\n<th class=\"table-title\" colspan=\"2\">Rosca Americana<br \/>\nNPT (pulgadas)<\/th>\n<th class=\"table-title\"><span style=\"color: #00a7e1; font-size: 16px;\"><strong>NPT<\/strong><\/span><\/th>\n<\/tr>\n<tr>\n<th>Norma<\/th>\n<th>Di\u00e1metro<\/th>\n<th>TPI<\/th>\n<\/tr>\n<\/thead>\n<tbody>\n<tr>\n<td>NPT<\/td>\n<td>1\/2<\/td>\n<td>14<\/td>\n<\/tr>\n<\/tbody>\n<\/table>\n<table class=\"custom-table\">\n<thead>\n<tr>\n<th class=\"table-title\" colspan=\"2\">Rosca Americana NPTF<br \/>\nFina (pulgadas)<\/th>\n<th class=\"table-title\"><span style=\"color: #00a7e1; font-size: 16px;\"><strong>NPTF<\/strong><\/span><\/th>\n<\/tr>\n<tr>\n<th>Norma<\/th>\n<th>Di\u00e1metro<\/th>\n<th>TPI<\/th>\n<\/tr>\n<\/thead>\n<tbody>\n<tr>\n<td>NPTF<\/td>\n<td>1\/2<\/td>\n<td>14<\/td>\n<\/tr>\n<\/tbody>\n<\/table>\n<\/div>\n","protected":false},"excerpt":{"rendered":"<p><strong>El cabezal para laminar roscas C2-DNR \/ M14-M30<\/strong> est\u00e1 especialmente dise\u00f1ado para realizar operaciones de laminado de roscas en productos con dimensiones entre M14 y M30. Un <strong>cabezal para laminar roscas VABS<\/strong> tambi\u00e9n permite realizar operaciones de roscado en productos con diferentes est\u00e1ndares, tama\u00f1os de rosca y pasos. Adem\u00e1s, estos cabezales pueden utilizarse para operaciones de moleteado y pulido mediante el cambio de rodillos.<\/p>\n<p>Compatible con diversas m\u00e1quinas CNC y sistemas rotativos, el <strong>C2-DNR \/ M14-M30<\/strong>\u00a0puede realizar operaciones de roscado en materiales con diferentes durezas y propiedades qu\u00edmicas, desde acero hasta titanio, aluminio y acero inoxidable.<\/p>\n<p>Este cabezal puede realizar operaciones de laminado de roscas en productos macizos y tubulares, as\u00ed como en piezas de diferentes tama\u00f1os. Estas caracter\u00edsticas permiten obtener una mayor resistencia del material y una superficie lisa en poco tiempo.<\/p>\n","protected":false},"featured_media":22099,"template":"","meta":[],"product_brand":[],"product_cat":[293],"product_tag":[295,296],"class_list":{"0":"post-22664","1":"product","2":"type-product","3":"status-publish","4":"has-post-thumbnail","6":"product_cat-dogrusal-vida-ovalama-aparatlari-es","7":"product_tag-vabs-es","8":"product_tag-vida-ovalama-aparatlari-es","10":"first","11":"instock","12":"shipping-taxable","13":"product-type-simple"},"_links":{"self":[{"href":"https:\/\/www.vabs.com\/es\/wp-json\/wp\/v2\/product\/22664","targetHints":{"allow":["GET"]}}],"collection":[{"href":"https:\/\/www.vabs.com\/es\/wp-json\/wp\/v2\/product"}],"about":[{"href":"https:\/\/www.vabs.com\/es\/wp-json\/wp\/v2\/types\/product"}],"wp:featuredmedia":[{"embeddable":true,"href":"https:\/\/www.vabs.com\/es\/wp-json\/wp\/v2\/media\/22099"}],"wp:attachment":[{"href":"https:\/\/www.vabs.com\/es\/wp-json\/wp\/v2\/media?parent=22664"}],"wp:term":[{"taxonomy":"product_brand","embeddable":true,"href":"https:\/\/www.vabs.com\/es\/wp-json\/wp\/v2\/product_brand?post=22664"},{"taxonomy":"product_cat","embeddable":true,"href":"https:\/\/www.vabs.com\/es\/wp-json\/wp\/v2\/product_cat?post=22664"},{"taxonomy":"product_tag","embeddable":true,"href":"https:\/\/www.vabs.com\/es\/wp-json\/wp\/v2\/product_tag?post=22664"}],"curies":[{"name":"wp","href":"https:\/\/api.w.org\/{rel}","templated":true}]}}