{"id":22683,"date":"2022-08-09T09:55:23","date_gmt":"2022-08-09T09:55:23","guid":{"rendered":"https:\/\/www.vabs.com\/urun\/b1-nr-m8-m16-vida-disi-ovalama-aparati\/"},"modified":"2025-05-01T13:02:52","modified_gmt":"2025-05-01T13:02:52","slug":"b1-nr-m8-m16-cabezal-para-laminar-roscas","status":"publish","type":"product","link":"https:\/\/www.vabs.com\/es\/producto\/b1-nr-m8-m16-cabezal-para-laminar-roscas\/","title":{"rendered":"B1-NR \/ M8-M16 Cabezal para Laminar Roscas"},"content":{"rendered":"<h6><strong>El cabezal para laminar roscas B1-NR \/ M8-M16 es totalmente compatible con rodillos fabricados seg\u00fan los siguientes est\u00e1ndares<\/strong>.<\/h6>\n<div class=\"table-container\">\n<table class=\"custom-table\">\n<thead>\n<tr>\n<th class=\"table-title\" colspan=\"2\"><strong>Roscas<\/strong> ISO<br \/>\n<strong>Metricas<\/strong> (mm)<\/th>\n<th class=\"table-title\"><span style=\"color: #00a7e1; font-size: 16px;\"><strong>M<\/strong><\/span><\/th>\n<\/tr>\n<tr>\n<th>Norma<\/th>\n<th>Di\u00e1metro<\/th>\n<th>Paso<\/th>\n<\/tr>\n<\/thead>\n<tbody>\n<tr>\n<td>M<\/td>\n<td>8 &#8230; 10<\/td>\n<td>1,25<\/td>\n<\/tr>\n<tr>\n<td>M<\/td>\n<td>8 &#8230; 12<\/td>\n<td>1,5<\/td>\n<\/tr>\n<tr>\n<td>M<\/td>\n<td>12 &#8230; 14<\/td>\n<td>1,75<\/td>\n<\/tr>\n<tr>\n<td>M<\/td>\n<td>14 &#8230; 16<\/td>\n<td>2<\/td>\n<\/tr>\n<\/tbody>\n<\/table>\n<table class=\"custom-table\">\n<thead>\n<tr>\n<th class=\"table-title\" colspan=\"2\"><strong>Roscas ISO Metricas<\/strong><br \/>\n<strong>finas <\/strong>(mm)<\/th>\n<th class=\"table-title\"><span style=\"color: #00a7e1; font-size: 16px;\"><strong>MF<\/strong><\/span><\/th>\n<\/tr>\n<tr>\n<th>Norma<\/th>\n<th>Di\u00e1metro<\/th>\n<th>Paso<\/th>\n<\/tr>\n<\/thead>\n<tbody>\n<tr>\n<td>MF<\/td>\n<td>8 &#8230; 10<\/td>\n<td>1<\/td>\n<\/tr>\n<tr>\n<td>MF<\/td>\n<td>10 &#8230; 12<\/td>\n<td>1,25<\/td>\n<\/tr>\n<tr>\n<td>MF<\/td>\n<td>12 &#8230; 14<\/td>\n<td>1,5<\/td>\n<\/tr>\n<\/tbody>\n<\/table>\n<table class=\"custom-table\">\n<thead>\n<tr>\n<th class=\"table-title\" colspan=\"2\">Rosca Est\u00e1ndar<br \/>\nAmericana (pulgadas)<\/th>\n<th class=\"table-title\"><span style=\"color: #00a7e1; font-size: 16px;\"><strong>UNC<\/strong><\/span><\/th>\n<\/tr>\n<tr>\n<th>Norma<\/th>\n<th>Di\u00e1metro<\/th>\n<th>TPI<\/th>\n<\/tr>\n<\/thead>\n<tbody>\n<tr>\n<td>UNC<\/td>\n<td>3\/8<\/td>\n<td>16<\/td>\n<\/tr>\n<tr>\n<td>UNC<\/td>\n<td>7\/16<\/td>\n<td>14<\/td>\n<\/tr>\n<tr>\n<td>UNC<\/td>\n<td>1\/2<\/td>\n<td>13<\/td>\n<\/tr>\n<tr>\n<td>UNC<\/td>\n<td>9\/16<\/td>\n<td>12<\/td>\n<\/tr>\n<tr>\n<td>UNC<\/td>\n<td>5\/8<\/td>\n<td>11<\/td>\n<\/tr>\n<\/tbody>\n<\/table>\n<table class=\"custom-table\">\n<thead>\n<tr>\n<th class=\"table-title\" colspan=\"2\">Rosca Americana<br \/>\nFina (pulgadas)<\/th>\n<th class=\"table-title\"><span style=\"color: #00a7e1; font-size: 16px;\"><strong>UNF<\/strong><\/span><\/th>\n<\/tr>\n<tr>\n<th>Norma<\/th>\n<th>Di\u00e1metro<\/th>\n<th>TPI<\/th>\n<\/tr>\n<\/thead>\n<tbody>\n<tr>\n<td>UNF<\/td>\n<td>5\/16 &#8230; 3\/8<\/td>\n<td>24<\/td>\n<\/tr>\n<tr>\n<td>UNF<\/td>\n<td>7\/16 &#8230; 1\/2<\/td>\n<td>20<\/td>\n<\/tr>\n<tr>\n<td>UNF<\/td>\n<td>9\/16 &#8230; 5\/8<\/td>\n<td>18<\/td>\n<\/tr>\n<\/tbody>\n<\/table>\n<table class=\"custom-table\">\n<thead>\n<tr>\n<th class=\"table-title\" colspan=\"2\">Rosca Est\u00e1ndar Whitworth<br \/>\nFina (pulgadas)<\/th>\n<th class=\"table-title\"><span style=\"color: #00a7e1; font-size: 16px;\"><strong>BSF<\/strong><\/span><\/th>\n<\/tr>\n<tr>\n<th>Norma<\/th>\n<th>Di\u00e1metro<\/th>\n<th>TPI<\/th>\n<\/tr>\n<\/thead>\n<tbody>\n<tr>\n<td>BSF<\/td>\n<td>5\/16<\/td>\n<td>1,25<\/td>\n<\/tr>\n<tr>\n<td>BSF<\/td>\n<td>3\/8<\/td>\n<td>1,5<\/td>\n<\/tr>\n<tr>\n<td>BSF<\/td>\n<td>7\/16<\/td>\n<td>1,75<\/td>\n<\/tr>\n<tr>\n<td>BSF<\/td>\n<td>1\/2 &#8230; 9\/16<\/td>\n<td>16<\/td>\n<\/tr>\n<tr>\n<td>BSF<\/td>\n<td>5\/8 &#8230; 11\/16<\/td>\n<td>14<\/td>\n<\/tr>\n<\/tbody>\n<\/table>\n<table class=\"custom-table\">\n<thead>\n<tr>\n<th class=\"table-title\" colspan=\"2\">Rosca Est\u00e1ndar<br \/>\nWhitworth (pulgadas)<\/th>\n<th class=\"table-title\"><span style=\"color: #00a7e1; font-size: 16px;\"><strong>BSW<\/strong><\/span><\/th>\n<\/tr>\n<tr>\n<th>Norma<\/th>\n<th>Di\u00e1metro<\/th>\n<th>TPI<\/th>\n<\/tr>\n<\/thead>\n<tbody>\n<tr>\n<td>BSW<\/td>\n<td>3\/8<\/td>\n<td>16<\/td>\n<\/tr>\n<tr>\n<td>BSW<\/td>\n<td>7\/16<\/td>\n<td>14<\/td>\n<\/tr>\n<tr>\n<td>BSW<\/td>\n<td>1\/2 &#8230; 9\/16<\/td>\n<td>12<\/td>\n<\/tr>\n<tr>\n<td>BSW<\/td>\n<td>5\/8<\/td>\n<td>11<\/td>\n<\/tr>\n<\/tbody>\n<\/table>\n<table class=\"custom-table\">\n<thead>\n<tr>\n<th class=\"table-title\" colspan=\"2\"><strong>Rosca BSP Whitworth <\/strong><br \/>\n<strong>gas <\/strong>(pulgadas)<\/th>\n<th class=\"table-title\"><span style=\"color: #00a7e1; font-size: 16px;\"><strong>G<\/strong><\/span><\/th>\n<\/tr>\n<tr>\n<th>Norma<\/th>\n<th>Di\u00e1metro<\/th>\n<th>TPI<\/th>\n<\/tr>\n<\/thead>\n<tbody>\n<tr>\n<td>G<\/td>\n<td>1\/4<\/td>\n<td>19<\/td>\n<\/tr>\n<\/tbody>\n<\/table>\n<table class=\"custom-table\">\n<thead>\n<tr>\n<th class=\"table-title\" colspan=\"2\">Roscas redondas<br \/>\nprofundidad (Pulgadas)<\/th>\n<th class=\"table-title\"><span style=\"color: #00a7e1; font-size: 16px;\"><strong>Rd<\/strong><\/span><\/th>\n<\/tr>\n<tr>\n<th>Norma<\/th>\n<th>Di\u00e1metro<\/th>\n<th>TPI<\/th>\n<\/tr>\n<\/thead>\n<tbody>\n<tr>\n<td>Rd<\/td>\n<td>16<\/td>\n<td>1\/8<\/td>\n<\/tr>\n<\/tbody>\n<\/table>\n<table class=\"custom-table\">\n<thead>\n<tr>\n<th class=\"table-title\" colspan=\"2\">Rosca Americana<br \/>\nNPT (pulgadas)<\/th>\n<th class=\"table-title\"><span style=\"color: #00a7e1; font-size: 16px;\"><strong>NPT<\/strong><\/span><\/th>\n<\/tr>\n<tr>\n<th>Norma<\/th>\n<th>Di\u00e1metro<\/th>\n<th>TPI<\/th>\n<\/tr>\n<\/thead>\n<tbody>\n<tr>\n<td>NPT<\/td>\n<td>1\/4<\/td>\n<td>18<\/td>\n<\/tr>\n<\/tbody>\n<\/table>\n<table class=\"custom-table\">\n<thead>\n<tr>\n<th class=\"table-title\" colspan=\"2\">Rosca Americana NPTF<br \/>\nFina (pulgadas)<\/th>\n<th class=\"table-title\"><span style=\"color: #00a7e1; font-size: 16px;\"><strong>NPTF<\/strong><\/span><\/th>\n<\/tr>\n<tr>\n<th>Norma<\/th>\n<th>Di\u00e1metro<\/th>\n<th>TPI<\/th>\n<\/tr>\n<\/thead>\n<tbody>\n<tr>\n<td>NPTF<\/td>\n<td>1\/4<\/td>\n<td>18<\/td>\n<\/tr>\n<\/tbody>\n<\/table>\n<\/div>\n","protected":false},"excerpt":{"rendered":"<p><strong>El cabezal para laminar roscas B1-NR \/ M8-M16<\/strong> est\u00e1 especialmente dise\u00f1ado para realizar operaciones de laminado de roscas en productos con dimensiones entre M8 y M16. Un <strong>cabezal para laminar roscas VABS<\/strong> tambi\u00e9n permite realizar operaciones de roscado en productos con diferentes est\u00e1ndares, tama\u00f1os de rosca y pasos. Adem\u00e1s, estos cabezales pueden utilizarse para operaciones de moleteado y pulido mediante el cambio de rodillos.<\/p>\n<p>Compatible con diversas m\u00e1quinas CNC y sistemas rotativos, el <strong>B1-NR \/ M8-M16<\/strong>\u00a0puede realizar operaciones de roscado en materiales con diferentes durezas y propiedades qu\u00edmicas, desde acero hasta titanio, aluminio y acero inoxidable.<\/p>\n<p>Este cabezal puede realizar operaciones de laminado de roscas en productos macizos y tubulares, as\u00ed como en piezas de diferentes tama\u00f1os. Estas caracter\u00edsticas permiten obtener una mayor resistencia del material y una superficie lisa en poco tiempo.<\/p>\n<div class=\"table-container2\">\n<table class=\"custom-table\">\n<thead>\n<tr>\n<th class=\"table-title\" colspan=\"2\"><strong data-start=\"57\" data-end=\"79\">Product Dimensions<\/strong><\/th>\n<\/tr>\n<tr>\n<th>Description<\/th>\n<th>Size (mm)<\/th>\n<\/tr>\n<\/thead>\n<tbody>\n<tr>\n<td>Shaft Diameter<\/td>\n<td>25<\/td>\n<\/tr>\n<tr>\n<td>Shaft Length<\/td>\n<td>69<\/td>\n<\/tr>\n<tr>\n<td>Head Diameter<\/td>\n<td>88<\/td>\n<\/tr>\n<tr>\n<td>Head Length<\/td>\n<td>142,6<\/td>\n<\/tr>\n<\/tbody>\n<\/table>\n<table class=\"custom-table\">\n<thead>\n<tr>\n<th class=\"table-title\" colspan=\"3\">Options<\/th>\n<\/tr>\n<\/thead>\n<tbody>\n<tr>\n<td class=\"table-title\">Product Option<\/td>\n<td>Fixed<\/td>\n<td>Automatic<\/td>\n<\/tr>\n<tr>\n<td class=\"table-title\">Rotation Direction<\/td>\n<td>Right<\/td>\n<td>Left<\/td>\n<\/tr>\n<tr>\n<td class=\"table-title\">Assembly Option<\/td>\n<td>Manual<\/td>\n<td>Other<\/td>\n<\/tr>\n<\/tbody>\n<\/table>\n<\/div>\n<div class=\"table-container3\">\n<table class=\"custom-table\">\n<thead>\n<tr>\n<th class=\"table-title\" colspan=\"5\"><strong data-start=\"420\" data-end=\"442\">Package Dimensions<\/strong><\/th>\n<\/tr>\n<tr>\n<th>Description<\/th>\n<th>Quantity<\/th>\n<th>Width x Depth x Height<\/th>\n<th>Volume<\/th>\n<th>Weight<\/th>\n<\/tr>\n<\/thead>\n<tbody>\n<tr>\n<td rowspan=\"2\"><strong>B1-NR \/ M8-M16<\/strong><\/td>\n<td rowspan=\"2\">1<\/td>\n<td>180 x 120 x 120 (mm)<\/td>\n<td rowspan=\"2\">6,68<\/td>\n<td>17 kg<\/td>\n<\/tr>\n<tr>\n<td>70.87 x 47.24 x 47.24 (in\u00e7)<\/td>\n<td>37.479 lbs<\/td>\n<\/tr>\n<\/tbody>\n<\/table>\n<\/div>\n<p><strong data-start=\"717\" data-end=\"726\">Note:<\/strong> <em data-start=\"727\" data-end=\"782\">Thread rolling dies are not included in the product.<\/em><\/p>\n<p>&nbsp;<\/p>\n","protected":false},"featured_media":21093,"template":"","meta":[],"product_brand":[],"product_cat":[293],"product_tag":[423,295,296],"class_list":{"0":"post-22683","1":"product","2":"type-product","3":"status-publish","4":"has-post-thumbnail","6":"product_cat-dogrusal-vida-ovalama-aparatlari-es","7":"product_tag-b1-nr-es","8":"product_tag-vabs-es","9":"product_tag-vida-ovalama-aparatlari-es","11":"first","12":"instock","13":"sold-individually","14":"shipping-taxable","15":"product-type-simple"},"_links":{"self":[{"href":"https:\/\/www.vabs.com\/es\/wp-json\/wp\/v2\/product\/22683","targetHints":{"allow":["GET"]}}],"collection":[{"href":"https:\/\/www.vabs.com\/es\/wp-json\/wp\/v2\/product"}],"about":[{"href":"https:\/\/www.vabs.com\/es\/wp-json\/wp\/v2\/types\/product"}],"wp:featuredmedia":[{"embeddable":true,"href":"https:\/\/www.vabs.com\/es\/wp-json\/wp\/v2\/media\/21093"}],"wp:attachment":[{"href":"https:\/\/www.vabs.com\/es\/wp-json\/wp\/v2\/media?parent=22683"}],"wp:term":[{"taxonomy":"product_brand","embeddable":true,"href":"https:\/\/www.vabs.com\/es\/wp-json\/wp\/v2\/product_brand?post=22683"},{"taxonomy":"product_cat","embeddable":true,"href":"https:\/\/www.vabs.com\/es\/wp-json\/wp\/v2\/product_cat?post=22683"},{"taxonomy":"product_tag","embeddable":true,"href":"https:\/\/www.vabs.com\/es\/wp-json\/wp\/v2\/product_tag?post=22683"}],"curies":[{"name":"wp","href":"https:\/\/api.w.org\/{rel}","templated":true}]}}